{"id":336,"date":"2024-04-03T19:12:42","date_gmt":"2024-04-03T16:12:42","guid":{"rendered":"https:\/\/rentacarigoumenitsa.gr\/?page_id=336"},"modified":"2024-04-03T16:59:56","modified_gmt":"2024-04-03T16:59:56","slug":"dacia-lodgy-di%cc%87zel-7-koltuk-336","status":"publish","type":"page","link":"https:\/\/rentacarigoumenitsa.gr\/tr\/dacia-lodgy-diesel-7-seats-336\/","title":{"rendered":"Dacia Lodgy Dizel (7 Koltuk)"},"content":{"rendered":"","protected":false},"excerpt":{"rendered":"","protected":false},"author":1,"featured_media":335,"parent":0,"menu_order":0,"comment_status":"open","ping_status":"closed","template":"","meta":{"footnotes":""},"class_list":["post-336","page","type-page","status-publish","has-post-thumbnail","hentry"],"aioseo_notices":[],"aioseo_head":"\n\t\t<!-- All in One SEO Pro 4.9.4.2 - aioseo.com -->\n\t<meta name=\"description\" content=\"Dacia Lodgy Diesel (7 Seats). 1500 \u03ba\u03c5\u03b2\u03b9\u03ba\u03ac \u03bc\u03b5 \u03ac\u03c1\u03b9\u03c3\u03c4\u03b7 \u03bf\u03b4\u03b7\u03b3\u03b9\u03ba\u03ae \u03c3\u03c5\u03bc\u03c0\u03b5\u03c1\u03b9\u03c6\u03bf\u03c1\u03ac \u03ba\u03b1\u03b9 \u03bc\u03ad\u03b3\u03b9\u03c3\u03c4\u03b7 \u03bf\u03b9\u03ba\u03bf\u03bd\u03bf\u03bc\u03af\u03b1 \u03ba\u03b1\u03c5\u03c3\u03af\u03bc\u03bf\u03c5 \u03ba\u03b1\u03b8\u03ce\u03c2 \u03ba\u03b1\u03b9 \u03c7\u03b5\u03b9\u03c1\u03bf\u03ba\u03af\u03bd\u03b7\u03c4\u03bf 7 \u03c3\u03c7\u03ad\u03c3\u03b5\u03c9\u03bd \u03ba\u03b9\u03b2\u03ce\u03c4\u03b9\u03bf \u03c4\u03b1\u03c7\u03c5\u03c4\u03ae\u03c4\u03c9\u03bd.\" \/>\n\t<meta name=\"robots\" content=\"max-image-preview:large\" \/>\n\t<meta name=\"google-site-verification\" content=\"S6xm9OozgzUNlz1XGUsqKaiQUGsb8eKTPjRIqVmbJRU\" \/>\n\t<link rel=\"canonical\" href=\"https:\/\/rentacarigoumenitsa.gr\/tr\/dacia-lodgy-diesel-7-seats-336\/\" \/>\n\t<meta name=\"generator\" content=\"All in One SEO Pro (AIOSEO) 4.9.4.2\" \/>\n\t\t<meta property=\"og:locale\" content=\"tr_TR\" \/>\n\t\t<meta property=\"og:site_name\" content=\"Rent A Car Igoumenitsa -\" \/>\n\t\t<meta property=\"og:type\" content=\"article\" \/>\n\t\t<meta property=\"og:title\" content=\"Dacia Lodgy Diesel (7 Seats) - Rent A Car Igoumenitsa\" \/>\n\t\t<meta property=\"og:description\" content=\"Dacia Lodgy Diesel (7 Seats). 1500 \u03ba\u03c5\u03b2\u03b9\u03ba\u03ac \u03bc\u03b5 \u03ac\u03c1\u03b9\u03c3\u03c4\u03b7 \u03bf\u03b4\u03b7\u03b3\u03b9\u03ba\u03ae \u03c3\u03c5\u03bc\u03c0\u03b5\u03c1\u03b9\u03c6\u03bf\u03c1\u03ac \u03ba\u03b1\u03b9 \u03bc\u03ad\u03b3\u03b9\u03c3\u03c4\u03b7 \u03bf\u03b9\u03ba\u03bf\u03bd\u03bf\u03bc\u03af\u03b1 \u03ba\u03b1\u03c5\u03c3\u03af\u03bc\u03bf\u03c5 \u03ba\u03b1\u03b8\u03ce\u03c2 \u03ba\u03b1\u03b9 \u03c7\u03b5\u03b9\u03c1\u03bf\u03ba\u03af\u03bd\u03b7\u03c4\u03bf 7 \u03c3\u03c7\u03ad\u03c3\u03b5\u03c9\u03bd \u03ba\u03b9\u03b2\u03ce\u03c4\u03b9\u03bf \u03c4\u03b1\u03c7\u03c5\u03c4\u03ae\u03c4\u03c9\u03bd.\" \/>\n\t\t<meta property=\"og:url\" content=\"https:\/\/rentacarigoumenitsa.gr\/tr\/dacia-lodgy-diesel-7-seats-336\/\" \/>\n\t\t<meta property=\"og:image\" content=\"https:\/\/rentacarigoumenitsa.gr\/wp-content\/uploads\/2024\/04\/Image__11_-removebg-preview.png\" \/>\n\t\t<meta property=\"og:image:secure_url\" content=\"https:\/\/rentacarigoumenitsa.gr\/wp-content\/uploads\/2024\/04\/Image__11_-removebg-preview.png\" \/>\n\t\t<meta property=\"og:image:width\" content=\"666\" \/>\n\t\t<meta property=\"og:image:height\" content=\"375\" \/>\n\t\t<meta property=\"article:published_time\" content=\"2024-04-03T16:12:42+00:00\" \/>\n\t\t<meta property=\"article:modified_time\" content=\"2024-04-03T16:59:56+00:00\" \/>\n\t\t<meta property=\"article:publisher\" content=\"https:\/\/www.facebook.com\/rentacarigoumenitsa\/\" \/>\n\t\t<meta name=\"twitter:card\" content=\"summary_large_image\" \/>\n\t\t<meta name=\"twitter:title\" content=\"Dacia Lodgy Diesel (7 Seats) - Rent A Car Igoumenitsa\" \/>\n\t\t<meta name=\"twitter:description\" content=\"Dacia Lodgy Diesel (7 Seats). 1500 \u03ba\u03c5\u03b2\u03b9\u03ba\u03ac \u03bc\u03b5 \u03ac\u03c1\u03b9\u03c3\u03c4\u03b7 \u03bf\u03b4\u03b7\u03b3\u03b9\u03ba\u03ae \u03c3\u03c5\u03bc\u03c0\u03b5\u03c1\u03b9\u03c6\u03bf\u03c1\u03ac \u03ba\u03b1\u03b9 \u03bc\u03ad\u03b3\u03b9\u03c3\u03c4\u03b7 \u03bf\u03b9\u03ba\u03bf\u03bd\u03bf\u03bc\u03af\u03b1 \u03ba\u03b1\u03c5\u03c3\u03af\u03bc\u03bf\u03c5 \u03ba\u03b1\u03b8\u03ce\u03c2 \u03ba\u03b1\u03b9 \u03c7\u03b5\u03b9\u03c1\u03bf\u03ba\u03af\u03bd\u03b7\u03c4\u03bf 7 \u03c3\u03c7\u03ad\u03c3\u03b5\u03c9\u03bd \u03ba\u03b9\u03b2\u03ce\u03c4\u03b9\u03bf \u03c4\u03b1\u03c7\u03c5\u03c4\u03ae\u03c4\u03c9\u03bd.\" \/>\n\t\t<meta name=\"twitter:image\" content=\"https:\/\/rentacarigoumenitsa.gr\/wp-content\/uploads\/2023\/12\/fb-cover.jpg\" \/>\n\t\t<script type=\"application\/ld+json\" class=\"aioseo-schema\">\n\t\t\t{\"@context\":\"https:\\\/\\\/schema.org\",\"@graph\":[{\"@type\":\"BreadcrumbList\",\"@id\":\"https:\\\/\\\/rentacarigoumenitsa.gr\\\/tr\\\/dacia-lodgy-diesel-7-seats-336\\\/#breadcrumblist\",\"itemListElement\":[{\"@type\":\"ListItem\",\"@id\":\"https:\\\/\\\/rentacarigoumenitsa.gr\\\/tr#listItem\",\"position\":1,\"name\":\"Home\",\"item\":\"https:\\\/\\\/rentacarigoumenitsa.gr\\\/tr\",\"nextItem\":{\"@type\":\"ListItem\",\"@id\":\"https:\\\/\\\/rentacarigoumenitsa.gr\\\/tr\\\/dacia-lodgy-diesel-7-seats-336\\\/#listItem\",\"name\":\"Dacia Lodgy Diesel (7 Seats)\"}},{\"@type\":\"ListItem\",\"@id\":\"https:\\\/\\\/rentacarigoumenitsa.gr\\\/tr\\\/dacia-lodgy-diesel-7-seats-336\\\/#listItem\",\"position\":2,\"name\":\"Dacia Lodgy Diesel (7 Seats)\",\"previousItem\":{\"@type\":\"ListItem\",\"@id\":\"https:\\\/\\\/rentacarigoumenitsa.gr\\\/tr#listItem\",\"name\":\"Home\"}}]},{\"@type\":\"Organization\",\"@id\":\"https:\\\/\\\/rentacarigoumenitsa.gr\\\/tr\\\/#organization\",\"name\":\"Rent A Car Igoumenitsa\",\"url\":\"https:\\\/\\\/rentacarigoumenitsa.gr\\\/tr\\\/\",\"email\":\"igourent@gmail.com\",\"telephone\":\"+302665027666\",\"logo\":{\"@type\":\"ImageObject\",\"url\":\"https:\\\/\\\/rentacarigoumenitsa.gr\\\/wp-content\\\/uploads\\\/2023\\\/11\\\/logo-mobile.png\",\"@id\":\"https:\\\/\\\/rentacarigoumenitsa.gr\\\/tr\\\/dacia-lodgy-diesel-7-seats-336\\\/#organizationLogo\",\"width\":250,\"height\":100},\"image\":{\"@id\":\"https:\\\/\\\/rentacarigoumenitsa.gr\\\/tr\\\/dacia-lodgy-diesel-7-seats-336\\\/#organizationLogo\"},\"sameAs\":[\"https:\\\/\\\/www.facebook.com\\\/rentacarigoumenitsa\\\/\",\"https:\\\/\\\/www.instagram.com\\\/rentcarigoumenitsa\\\/\",\"https:\\\/\\\/www.youtube.com\\\/@rentacarigoumenitsa\"],\"address\":{\"@id\":\"https:\\\/\\\/rentacarigoumenitsa.gr\\\/tr\\\/#postaladdress\",\"@type\":\"PostalAddress\",\"streetAddress\":\"Agion Apostolon 39-41,\",\"postalCode\":\"46100\",\"addressLocality\":\"Igoumenitsa\",\"addressRegion\":\"Thesprotia\",\"addressCountry\":\"GR\"},\"vatID\":\"EL121704960\"},{\"@type\":\"WebPage\",\"@id\":\"https:\\\/\\\/rentacarigoumenitsa.gr\\\/tr\\\/dacia-lodgy-diesel-7-seats-336\\\/#webpage\",\"url\":\"https:\\\/\\\/rentacarigoumenitsa.gr\\\/tr\\\/dacia-lodgy-diesel-7-seats-336\\\/\",\"name\":\"Dacia Lodgy Diesel (7 Seats) - Rent A Car Igoumenitsa\",\"description\":\"Dacia Lodgy Diesel (7 Seats). 1500 \\u03ba\\u03c5\\u03b2\\u03b9\\u03ba\\u03ac \\u03bc\\u03b5 \\u03ac\\u03c1\\u03b9\\u03c3\\u03c4\\u03b7 \\u03bf\\u03b4\\u03b7\\u03b3\\u03b9\\u03ba\\u03ae \\u03c3\\u03c5\\u03bc\\u03c0\\u03b5\\u03c1\\u03b9\\u03c6\\u03bf\\u03c1\\u03ac \\u03ba\\u03b1\\u03b9 \\u03bc\\u03ad\\u03b3\\u03b9\\u03c3\\u03c4\\u03b7 \\u03bf\\u03b9\\u03ba\\u03bf\\u03bd\\u03bf\\u03bc\\u03af\\u03b1 \\u03ba\\u03b1\\u03c5\\u03c3\\u03af\\u03bc\\u03bf\\u03c5 \\u03ba\\u03b1\\u03b8\\u03ce\\u03c2 \\u03ba\\u03b1\\u03b9 \\u03c7\\u03b5\\u03b9\\u03c1\\u03bf\\u03ba\\u03af\\u03bd\\u03b7\\u03c4\\u03bf 7 \\u03c3\\u03c7\\u03ad\\u03c3\\u03b5\\u03c9\\u03bd \\u03ba\\u03b9\\u03b2\\u03ce\\u03c4\\u03b9\\u03bf \\u03c4\\u03b1\\u03c7\\u03c5\\u03c4\\u03ae\\u03c4\\u03c9\\u03bd.\",\"inLanguage\":\"tr-TR\",\"isPartOf\":{\"@id\":\"https:\\\/\\\/rentacarigoumenitsa.gr\\\/tr\\\/#website\"},\"breadcrumb\":{\"@id\":\"https:\\\/\\\/rentacarigoumenitsa.gr\\\/tr\\\/dacia-lodgy-diesel-7-seats-336\\\/#breadcrumblist\"},\"image\":{\"@type\":\"ImageObject\",\"url\":\"https:\\\/\\\/rentacarigoumenitsa.gr\\\/wp-content\\\/uploads\\\/2024\\\/04\\\/Image__11_-removebg-preview.png\",\"@id\":\"https:\\\/\\\/rentacarigoumenitsa.gr\\\/tr\\\/dacia-lodgy-diesel-7-seats-336\\\/#mainImage\",\"width\":666,\"height\":375},\"primaryImageOfPage\":{\"@id\":\"https:\\\/\\\/rentacarigoumenitsa.gr\\\/tr\\\/dacia-lodgy-diesel-7-seats-336\\\/#mainImage\"},\"datePublished\":\"2024-04-03T19:12:42+03:00\",\"dateModified\":\"2024-04-03T16:59:56+03:00\"},{\"@type\":\"WebSite\",\"@id\":\"https:\\\/\\\/rentacarigoumenitsa.gr\\\/tr\\\/#website\",\"url\":\"https:\\\/\\\/rentacarigoumenitsa.gr\\\/tr\\\/\",\"name\":\"Rent A Car Igoumenitsa\",\"alternateName\":\"\\u0395\\u03bd\\u03bf\\u03b9\\u03ba\\u03af\\u03b1\\u03c3\\u03b7 \\u03b1\\u03c5\\u03c4\\u03bf\\u03ba\\u03b9\\u03bd\\u03ae\\u03c4\\u03bf\\u03c5 \\u0397\\u03b3\\u03bf\\u03c5\\u03bc\\u03b5\\u03bd\\u03af\\u03c4\\u03c3\\u03b1\",\"inLanguage\":\"tr-TR\",\"publisher\":{\"@id\":\"https:\\\/\\\/rentacarigoumenitsa.gr\\\/tr\\\/#organization\"}}]}\n\t\t<\/script>\n\t\t<!-- All in One SEO Pro -->\r\n\t\t<title>Dacia Lodgy Diesel (7 Seats) - Rent A Car Igoumenitsa<\/title>\n\n","aioseo_head_json":{"title":"Dacia Lodgy Dizel (7 Koltuk) - Rent A Car \u0130gumenitsa","description":"Dacia Lodgy Dizel (7 Koltuk). 1500 cc m\u00fckemmel s\u00fcr\u00fc\u015f performans\u0131 ve maksimum yak\u0131t ekonomisi ve 7 ileri manuel \u015fanz\u0131man.","canonical_url":"https:\/\/rentacarigoumenitsa.gr\/tr\/dacia-lodgy-diesel-7-seats-336\/","robots":"max-image-preview:large","keywords":"","webmasterTools":{"google-site-verification":"S6xm9OozgzUNlz1XGUsqKaiQUGsb8eKTPjRIqVmbJRU","miscellaneous":""},"schema":{"@context":"https:\/\/schema.org","@graph":[{"@type":"BreadcrumbList","@id":"https:\/\/rentacarigoumenitsa.gr\/tr\/dacia-lodgy-diesel-7-seats-336\/#breadcrumblist","itemListElement":[{"@type":"ListItem","@id":"https:\/\/rentacarigoumenitsa.gr\/tr#listItem","position":1,"name":"Home","item":"https:\/\/rentacarigoumenitsa.gr\/tr","nextItem":{"@type":"ListItem","@id":"https:\/\/rentacarigoumenitsa.gr\/tr\/dacia-lodgy-diesel-7-seats-336\/#listItem","name":"Dacia Lodgy Diesel (7 Seats)"}},{"@type":"ListItem","@id":"https:\/\/rentacarigoumenitsa.gr\/tr\/dacia-lodgy-diesel-7-seats-336\/#listItem","position":2,"name":"Dacia Lodgy Diesel (7 Seats)","previousItem":{"@type":"ListItem","@id":"https:\/\/rentacarigoumenitsa.gr\/tr#listItem","name":"Home"}}]},{"@type":"Organization","@id":"https:\/\/rentacarigoumenitsa.gr\/tr\/#organization","name":"Rent A Car Igoumenitsa","url":"https:\/\/rentacarigoumenitsa.gr\/tr\/","email":"igourent@gmail.com","telephone":"+302665027666","logo":{"@type":"ImageObject","url":"https:\/\/rentacarigoumenitsa.gr\/wp-content\/uploads\/2023\/11\/logo-mobile.png","@id":"https:\/\/rentacarigoumenitsa.gr\/tr\/dacia-lodgy-diesel-7-seats-336\/#organizationLogo","width":250,"height":100},"image":{"@id":"https:\/\/rentacarigoumenitsa.gr\/tr\/dacia-lodgy-diesel-7-seats-336\/#organizationLogo"},"sameAs":["https:\/\/www.facebook.com\/rentacarigoumenitsa\/","https:\/\/www.instagram.com\/rentcarigoumenitsa\/","https:\/\/www.youtube.com\/@rentacarigoumenitsa"],"address":{"@id":"https:\/\/rentacarigoumenitsa.gr\/tr\/#postaladdress","@type":"PostalAddress","streetAddress":"Agion Apostolon 39-41,","postalCode":"46100","addressLocality":"Igoumenitsa","addressRegion":"Thesprotia","addressCountry":"GR"},"vatID":"EL121704960"},{"@type":"WebPage","@id":"https:\/\/rentacarigoumenitsa.gr\/tr\/dacia-lodgy-diesel-7-seats-336\/#webpage","url":"https:\/\/rentacarigoumenitsa.gr\/tr\/dacia-lodgy-diesel-7-seats-336\/","name":"Dacia Lodgy Diesel (7 Seats) - Rent A Car Igoumenitsa","description":"Dacia Lodgy Diesel (7 Seats). 1500 \u03ba\u03c5\u03b2\u03b9\u03ba\u03ac \u03bc\u03b5 \u03ac\u03c1\u03b9\u03c3\u03c4\u03b7 \u03bf\u03b4\u03b7\u03b3\u03b9\u03ba\u03ae \u03c3\u03c5\u03bc\u03c0\u03b5\u03c1\u03b9\u03c6\u03bf\u03c1\u03ac \u03ba\u03b1\u03b9 \u03bc\u03ad\u03b3\u03b9\u03c3\u03c4\u03b7 \u03bf\u03b9\u03ba\u03bf\u03bd\u03bf\u03bc\u03af\u03b1 \u03ba\u03b1\u03c5\u03c3\u03af\u03bc\u03bf\u03c5 \u03ba\u03b1\u03b8\u03ce\u03c2 \u03ba\u03b1\u03b9 \u03c7\u03b5\u03b9\u03c1\u03bf\u03ba\u03af\u03bd\u03b7\u03c4\u03bf 7 \u03c3\u03c7\u03ad\u03c3\u03b5\u03c9\u03bd \u03ba\u03b9\u03b2\u03ce\u03c4\u03b9\u03bf \u03c4\u03b1\u03c7\u03c5\u03c4\u03ae\u03c4\u03c9\u03bd.","inLanguage":"tr-TR","isPartOf":{"@id":"https:\/\/rentacarigoumenitsa.gr\/tr\/#website"},"breadcrumb":{"@id":"https:\/\/rentacarigoumenitsa.gr\/tr\/dacia-lodgy-diesel-7-seats-336\/#breadcrumblist"},"image":{"@type":"ImageObject","url":"https:\/\/rentacarigoumenitsa.gr\/wp-content\/uploads\/2024\/04\/Image__11_-removebg-preview.png","@id":"https:\/\/rentacarigoumenitsa.gr\/tr\/dacia-lodgy-diesel-7-seats-336\/#mainImage","width":666,"height":375},"primaryImageOfPage":{"@id":"https:\/\/rentacarigoumenitsa.gr\/tr\/dacia-lodgy-diesel-7-seats-336\/#mainImage"},"datePublished":"2024-04-03T19:12:42+03:00","dateModified":"2024-04-03T16:59:56+03:00"},{"@type":"WebSite","@id":"https:\/\/rentacarigoumenitsa.gr\/tr\/#website","url":"https:\/\/rentacarigoumenitsa.gr\/tr\/","name":"Rent A Car Igoumenitsa","alternateName":"\u0395\u03bd\u03bf\u03b9\u03ba\u03af\u03b1\u03c3\u03b7 \u03b1\u03c5\u03c4\u03bf\u03ba\u03b9\u03bd\u03ae\u03c4\u03bf\u03c5 \u0397\u03b3\u03bf\u03c5\u03bc\u03b5\u03bd\u03af\u03c4\u03c3\u03b1","inLanguage":"tr-TR","publisher":{"@id":"https:\/\/rentacarigoumenitsa.gr\/tr\/#organization"}}]},"og:locale":"tr_TR","og:site_name":"Rent A Car Igoumenitsa -","og:type":"article","og:title":"Dacia Lodgy Diesel (7 Seats) - Rent A Car Igoumenitsa","og:description":"Dacia Lodgy Diesel (7 Seats). 1500 \u03ba\u03c5\u03b2\u03b9\u03ba\u03ac \u03bc\u03b5 \u03ac\u03c1\u03b9\u03c3\u03c4\u03b7 \u03bf\u03b4\u03b7\u03b3\u03b9\u03ba\u03ae \u03c3\u03c5\u03bc\u03c0\u03b5\u03c1\u03b9\u03c6\u03bf\u03c1\u03ac \u03ba\u03b1\u03b9 \u03bc\u03ad\u03b3\u03b9\u03c3\u03c4\u03b7 \u03bf\u03b9\u03ba\u03bf\u03bd\u03bf\u03bc\u03af\u03b1 \u03ba\u03b1\u03c5\u03c3\u03af\u03bc\u03bf\u03c5 \u03ba\u03b1\u03b8\u03ce\u03c2 \u03ba\u03b1\u03b9 \u03c7\u03b5\u03b9\u03c1\u03bf\u03ba\u03af\u03bd\u03b7\u03c4\u03bf 7 \u03c3\u03c7\u03ad\u03c3\u03b5\u03c9\u03bd \u03ba\u03b9\u03b2\u03ce\u03c4\u03b9\u03bf \u03c4\u03b1\u03c7\u03c5\u03c4\u03ae\u03c4\u03c9\u03bd.","og:url":"https:\/\/rentacarigoumenitsa.gr\/tr\/dacia-lodgy-diesel-7-seats-336\/","og:image":"https:\/\/rentacarigoumenitsa.gr\/wp-content\/uploads\/2024\/04\/Image__11_-removebg-preview.png","og:image:secure_url":"https:\/\/rentacarigoumenitsa.gr\/wp-content\/uploads\/2024\/04\/Image__11_-removebg-preview.png","og:image:width":666,"og:image:height":375,"article:published_time":"2024-04-03T16:12:42+00:00","article:modified_time":"2024-04-03T16:59:56+00:00","article:publisher":"https:\/\/www.facebook.com\/rentacarigoumenitsa\/","twitter:card":"summary_large_image","twitter:title":"Dacia Lodgy Diesel (7 Seats) - Rent A Car Igoumenitsa","twitter:description":"Dacia Lodgy Diesel (7 Seats). 1500 \u03ba\u03c5\u03b2\u03b9\u03ba\u03ac \u03bc\u03b5 \u03ac\u03c1\u03b9\u03c3\u03c4\u03b7 \u03bf\u03b4\u03b7\u03b3\u03b9\u03ba\u03ae \u03c3\u03c5\u03bc\u03c0\u03b5\u03c1\u03b9\u03c6\u03bf\u03c1\u03ac \u03ba\u03b1\u03b9 \u03bc\u03ad\u03b3\u03b9\u03c3\u03c4\u03b7 \u03bf\u03b9\u03ba\u03bf\u03bd\u03bf\u03bc\u03af\u03b1 \u03ba\u03b1\u03c5\u03c3\u03af\u03bc\u03bf\u03c5 \u03ba\u03b1\u03b8\u03ce\u03c2 \u03ba\u03b1\u03b9 \u03c7\u03b5\u03b9\u03c1\u03bf\u03ba\u03af\u03bd\u03b7\u03c4\u03bf 7 \u03c3\u03c7\u03ad\u03c3\u03b5\u03c9\u03bd \u03ba\u03b9\u03b2\u03ce\u03c4\u03b9\u03bf \u03c4\u03b1\u03c7\u03c5\u03c4\u03ae\u03c4\u03c9\u03bd.","twitter:image":"https:\/\/rentacarigoumenitsa.gr\/wp-content\/uploads\/2023\/12\/fb-cover.jpg"},"aioseo_meta_data":{"post_id":"336","title":null,"description":"Dacia Lodgy Dizel (7 Koltuk). 1500 cc m\u00fckemmel s\u00fcr\u00fc\u015f performans\u0131 ve maksimum yak\u0131t ekonomisi ve 7 ileri manuel \u015fanz\u0131man.","keywords":[],"keyphrases":{"focus":{"keyphrase":"Dacia Lodgy Diesel","score":100,"analysis":{"keyphraseInTitle":{"score":9,"maxScore":9,"error":0},"keyphraseInDescription":{"score":9,"maxScore":9,"error":0},"keyphraseLength":{"score":9,"maxScore":9,"error":0,"length":3},"keyphraseInURL":{"score":5,"maxScore":5,"error":0}}},"additional":[]},"primary_term":null,"canonical_url":null,"og_title":null,"og_description":null,"og_object_type":"default","og_image_type":"default","og_image_url":null,"og_image_width":null,"og_image_height":null,"og_image_custom_url":null,"og_image_custom_fields":null,"og_video":"","og_custom_url":null,"og_article_section":null,"og_article_tags":[],"twitter_use_og":false,"twitter_card":"default","twitter_image_type":"default","twitter_image_url":null,"twitter_image_custom_url":null,"twitter_image_custom_fields":null,"twitter_title":null,"twitter_description":null,"schema":{"blockGraphs":[],"customGraphs":[],"default":{"data":{"Article":[],"Course":[],"Dataset":[],"FAQPage":[],"Movie":[],"Person":[],"Product":[],"ProductReview":[],"Car":[],"Recipe":[],"Service":[],"SoftwareApplication":[],"WebPage":[]},"graphName":"WebPage","isEnabled":true},"graphs":[]},"schema_type":"default","schema_type_options":null,"pillar_content":false,"robots_default":true,"robots_noindex":false,"robots_noarchive":false,"robots_nosnippet":false,"robots_nofollow":false,"robots_noimageindex":false,"robots_noodp":false,"robots_notranslate":false,"robots_max_snippet":"-1","robots_max_videopreview":"-1","robots_max_imagepreview":"large","priority":null,"frequency":"default","local_seo":null,"seo_analyzer_scan_date":"2025-09-19 11:07:09","breadcrumb_settings":null,"limit_modified_date":false,"open_ai":"{\"title\":{\"suggestions\":[],\"usage\":0},\"description\":{\"suggestions\":[],\"usage\":0}}","ai":null,"created":"2024-04-03 16:11:57","updated":"2025-12-03 13:22:12"},"aioseo_breadcrumb":"<div class=\"aioseo-breadcrumbs\"><span class=\"aioseo-breadcrumb\">\n\t<a href=\"https:\/\/rentacarigoumenitsa.gr\/tr\" title=\"Home\">Home<\/a>\n<\/span><span class=\"aioseo-breadcrumb-separator\">&raquo;<\/span><span class=\"aioseo-breadcrumb\">\n\tDacia Lodgy Diesel (7 Seats)\n<\/span><\/div>","aioseo_breadcrumb_json":[{"label":"Home","link":"https:\/\/rentacarigoumenitsa.gr\/tr"},{"label":"Dacia Lodgy Diesel (7 Seats)","link":"https:\/\/rentacarigoumenitsa.gr\/tr\/dacia-lodgy-diesel-7-seats-336\/"}],"_links":{"self":[{"href":"https:\/\/rentacarigoumenitsa.gr\/tr\/wp-json\/wp\/v2\/pages\/336","targetHints":{"allow":["GET"]}}],"collection":[{"href":"https:\/\/rentacarigoumenitsa.gr\/tr\/wp-json\/wp\/v2\/pages"}],"about":[{"href":"https:\/\/rentacarigoumenitsa.gr\/tr\/wp-json\/wp\/v2\/types\/page"}],"author":[{"embeddable":true,"href":"https:\/\/rentacarigoumenitsa.gr\/tr\/wp-json\/wp\/v2\/users\/1"}],"replies":[{"embeddable":true,"href":"https:\/\/rentacarigoumenitsa.gr\/tr\/wp-json\/wp\/v2\/comments?post=336"}],"version-history":[{"count":1,"href":"https:\/\/rentacarigoumenitsa.gr\/tr\/wp-json\/wp\/v2\/pages\/336\/revisions"}],"predecessor-version":[{"id":337,"href":"https:\/\/rentacarigoumenitsa.gr\/tr\/wp-json\/wp\/v2\/pages\/336\/revisions\/337"}],"wp:featuredmedia":[{"embeddable":true,"href":"https:\/\/rentacarigoumenitsa.gr\/tr\/wp-json\/wp\/v2\/media\/335"}],"wp:attachment":[{"href":"https:\/\/rentacarigoumenitsa.gr\/tr\/wp-json\/wp\/v2\/media?parent=336"}],"curies":[{"name":"wp","href":"https:\/\/api.w.org\/{rel}","templated":true}]}}