{"id":207,"date":"2023-12-02T09:38:40","date_gmt":"2023-12-02T06:38:40","guid":{"rendered":"https:\/\/rentacarigoumenitsa.gr\/?page_id=207"},"modified":"2025-04-15T07:47:44","modified_gmt":"2025-04-15T07:47:44","slug":"citroen-c3-12-a-c","status":"publish","type":"page","link":"https:\/\/rentacarigoumenitsa.gr\/tr\/citroen-c3-1-2-a-c\/","title":{"rendered":"CITROEN C3 1.2 A\/C"},"content":{"rendered":"","protected":false},"excerpt":{"rendered":"","protected":false},"author":1,"featured_media":0,"parent":0,"menu_order":0,"comment_status":"closed","ping_status":"closed","template":"","meta":{"footnotes":""},"class_list":["post-207","page","type-page","status-publish","hentry"],"aioseo_notices":[],"aioseo_head":"\n\t\t<!-- All in One SEO Pro 4.9.4.2 - aioseo.com -->\n\t<meta name=\"description\" content=\"\u0388\u03bd\u03b1 \u03b5\u03cd\u03c7\u03c1\u03b7\u03c3\u03c4\u03bf, \u03bc\u03b5\u03c3\u03b1\u03af\u03bf\u03c5 \u03c4\u03cd\u03c0\u03bf\u03c5 \u03b1\u03c5\u03c4\u03bf\u03ba\u03af\u03bd\u03b7\u03c4\u03bf \u03b2\u03b5\u03bd\u03b6\u03b9\u03bd\u03bf\u03ba\u03af\u03bd\u03b7\u03c4\u03bf\u03c5 \u03ba\u03b9\u03bd\u03b7\u03c4\u03ae\u03c1\u03b1 1300 \u03ba\u03b9\u03b2\u03b9\u03ba\u03ce\u03bd \u03b5\u03ba\u03b1\u03c4\u03bf\u03c3\u03c4\u03ce\u03bd, \u03bc\u03b5 \u03ac\u03c8\u03bf\u03b3\u03b7 \u03bf\u03b4\u03b7\u03b3\u03b9\u03ba\u03ae \u03c3\u03c5\u03bc\u03c0\u03b5\u03c1\u03b9\u03c6\u03bf\u03c1\u03ac \u03ba\u03b1\u03b9 \u03c7\u03b1\u03bc\u03b7\u03bb\u03ae \u03ba\u03b1\u03c4\u03b1\u03bd\u03ac\u03bb\u03c9\u03c3\u03b7 \u03ad\u03c4\u03bf\u03b9\u03bc\u03bf \u03c0\u03c1\u03bf\u03c2 \u03b5\u03bd\u03bf\u03b9\u03ba\u03af\u03b1\u03c3\u03b7.\" \/>\n\t<meta name=\"robots\" content=\"max-image-preview:large\" \/>\n\t<meta name=\"google-site-verification\" content=\"S6xm9OozgzUNlz1XGUsqKaiQUGsb8eKTPjRIqVmbJRU\" \/>\n\t<link rel=\"canonical\" href=\"https:\/\/rentacarigoumenitsa.gr\/tr\/citroen-c3-1-2-a-c\/\" \/>\n\t<meta name=\"generator\" content=\"All in One SEO Pro (AIOSEO) 4.9.4.2\" \/>\n\t\t<meta property=\"og:locale\" content=\"tr_TR\" \/>\n\t\t<meta property=\"og:site_name\" content=\"Rent A Car Igoumenitsa -\" \/>\n\t\t<meta property=\"og:type\" content=\"article\" \/>\n\t\t<meta property=\"og:title\" content=\"CITROEN C3 1.2 A\/C - Rent A Car Igoumenitsa\" \/>\n\t\t<meta property=\"og:description\" content=\"\u0388\u03bd\u03b1 \u03b5\u03cd\u03c7\u03c1\u03b7\u03c3\u03c4\u03bf, \u03bc\u03b5\u03c3\u03b1\u03af\u03bf\u03c5 \u03c4\u03cd\u03c0\u03bf\u03c5 \u03b1\u03c5\u03c4\u03bf\u03ba\u03af\u03bd\u03b7\u03c4\u03bf \u03b2\u03b5\u03bd\u03b6\u03b9\u03bd\u03bf\u03ba\u03af\u03bd\u03b7\u03c4\u03bf\u03c5 \u03ba\u03b9\u03bd\u03b7\u03c4\u03ae\u03c1\u03b1 1300 \u03ba\u03b9\u03b2\u03b9\u03ba\u03ce\u03bd \u03b5\u03ba\u03b1\u03c4\u03bf\u03c3\u03c4\u03ce\u03bd, \u03bc\u03b5 \u03ac\u03c8\u03bf\u03b3\u03b7 \u03bf\u03b4\u03b7\u03b3\u03b9\u03ba\u03ae \u03c3\u03c5\u03bc\u03c0\u03b5\u03c1\u03b9\u03c6\u03bf\u03c1\u03ac \u03ba\u03b1\u03b9 \u03c7\u03b1\u03bc\u03b7\u03bb\u03ae \u03ba\u03b1\u03c4\u03b1\u03bd\u03ac\u03bb\u03c9\u03c3\u03b7 \u03ad\u03c4\u03bf\u03b9\u03bc\u03bf \u03c0\u03c1\u03bf\u03c2 \u03b5\u03bd\u03bf\u03b9\u03ba\u03af\u03b1\u03c3\u03b7.\" \/>\n\t\t<meta property=\"og:url\" content=\"https:\/\/rentacarigoumenitsa.gr\/tr\/citroen-c3-1-2-a-c\/\" \/>\n\t\t<meta property=\"og:image\" content=\"https:\/\/rentacarigoumenitsa.gr\/wp-content\/uploads\/2023\/12\/fb-cover.jpg\" \/>\n\t\t<meta property=\"og:image:secure_url\" content=\"https:\/\/rentacarigoumenitsa.gr\/wp-content\/uploads\/2023\/12\/fb-cover.jpg\" \/>\n\t\t<meta property=\"og:image:width\" content=\"1640\" \/>\n\t\t<meta property=\"og:image:height\" content=\"924\" \/>\n\t\t<meta property=\"article:published_time\" content=\"2023-12-02T06:38:40+00:00\" \/>\n\t\t<meta property=\"article:modified_time\" content=\"2025-04-15T07:47:44+00:00\" \/>\n\t\t<meta property=\"article:publisher\" content=\"https:\/\/www.facebook.com\/rentacarigoumenitsa\/\" \/>\n\t\t<meta name=\"twitter:card\" content=\"summary_large_image\" \/>\n\t\t<meta name=\"twitter:title\" content=\"CITROEN C3 1.2 A\/C - Rent A Car Igoumenitsa\" \/>\n\t\t<meta name=\"twitter:description\" content=\"\u0388\u03bd\u03b1 \u03b5\u03cd\u03c7\u03c1\u03b7\u03c3\u03c4\u03bf, \u03bc\u03b5\u03c3\u03b1\u03af\u03bf\u03c5 \u03c4\u03cd\u03c0\u03bf\u03c5 \u03b1\u03c5\u03c4\u03bf\u03ba\u03af\u03bd\u03b7\u03c4\u03bf \u03b2\u03b5\u03bd\u03b6\u03b9\u03bd\u03bf\u03ba\u03af\u03bd\u03b7\u03c4\u03bf\u03c5 \u03ba\u03b9\u03bd\u03b7\u03c4\u03ae\u03c1\u03b1 1300 \u03ba\u03b9\u03b2\u03b9\u03ba\u03ce\u03bd \u03b5\u03ba\u03b1\u03c4\u03bf\u03c3\u03c4\u03ce\u03bd, \u03bc\u03b5 \u03ac\u03c8\u03bf\u03b3\u03b7 \u03bf\u03b4\u03b7\u03b3\u03b9\u03ba\u03ae \u03c3\u03c5\u03bc\u03c0\u03b5\u03c1\u03b9\u03c6\u03bf\u03c1\u03ac \u03ba\u03b1\u03b9 \u03c7\u03b1\u03bc\u03b7\u03bb\u03ae \u03ba\u03b1\u03c4\u03b1\u03bd\u03ac\u03bb\u03c9\u03c3\u03b7 \u03ad\u03c4\u03bf\u03b9\u03bc\u03bf \u03c0\u03c1\u03bf\u03c2 \u03b5\u03bd\u03bf\u03b9\u03ba\u03af\u03b1\u03c3\u03b7.\" \/>\n\t\t<meta name=\"twitter:image\" content=\"https:\/\/rentacarigoumenitsa.gr\/wp-content\/uploads\/2023\/12\/fb-cover.jpg\" \/>\n\t\t<script type=\"application\/ld+json\" class=\"aioseo-schema\">\n\t\t\t{\"@context\":\"https:\\\/\\\/schema.org\",\"@graph\":[{\"@type\":\"BreadcrumbList\",\"@id\":\"https:\\\/\\\/rentacarigoumenitsa.gr\\\/tr\\\/citroen-c3-1-2-a-c\\\/#breadcrumblist\",\"itemListElement\":[{\"@type\":\"ListItem\",\"@id\":\"https:\\\/\\\/rentacarigoumenitsa.gr\\\/tr#listItem\",\"position\":1,\"name\":\"Home\",\"item\":\"https:\\\/\\\/rentacarigoumenitsa.gr\\\/tr\",\"nextItem\":{\"@type\":\"ListItem\",\"@id\":\"https:\\\/\\\/rentacarigoumenitsa.gr\\\/tr\\\/citroen-c3-1-2-a-c\\\/#listItem\",\"name\":\"CITROEN C3 1.2 A\\\/C\"}},{\"@type\":\"ListItem\",\"@id\":\"https:\\\/\\\/rentacarigoumenitsa.gr\\\/tr\\\/citroen-c3-1-2-a-c\\\/#listItem\",\"position\":2,\"name\":\"CITROEN C3 1.2 A\\\/C\",\"previousItem\":{\"@type\":\"ListItem\",\"@id\":\"https:\\\/\\\/rentacarigoumenitsa.gr\\\/tr#listItem\",\"name\":\"Home\"}}]},{\"@type\":\"Organization\",\"@id\":\"https:\\\/\\\/rentacarigoumenitsa.gr\\\/tr\\\/#organization\",\"name\":\"Rent A Car Igoumenitsa\",\"url\":\"https:\\\/\\\/rentacarigoumenitsa.gr\\\/tr\\\/\",\"email\":\"igourent@gmail.com\",\"telephone\":\"+302665027666\",\"logo\":{\"@type\":\"ImageObject\",\"url\":\"https:\\\/\\\/rentacarigoumenitsa.gr\\\/wp-content\\\/uploads\\\/2023\\\/11\\\/logo-mobile.png\",\"@id\":\"https:\\\/\\\/rentacarigoumenitsa.gr\\\/tr\\\/citroen-c3-1-2-a-c\\\/#organizationLogo\",\"width\":250,\"height\":100},\"image\":{\"@id\":\"https:\\\/\\\/rentacarigoumenitsa.gr\\\/tr\\\/citroen-c3-1-2-a-c\\\/#organizationLogo\"},\"sameAs\":[\"https:\\\/\\\/www.facebook.com\\\/rentacarigoumenitsa\\\/\",\"https:\\\/\\\/www.instagram.com\\\/rentcarigoumenitsa\\\/\",\"https:\\\/\\\/www.youtube.com\\\/@rentacarigoumenitsa\"],\"address\":{\"@id\":\"https:\\\/\\\/rentacarigoumenitsa.gr\\\/tr\\\/#postaladdress\",\"@type\":\"PostalAddress\",\"streetAddress\":\"Agion Apostolon 39-41,\",\"postalCode\":\"46100\",\"addressLocality\":\"Igoumenitsa\",\"addressRegion\":\"Thesprotia\",\"addressCountry\":\"GR\"},\"vatID\":\"EL121704960\"},{\"@type\":\"WebPage\",\"@id\":\"https:\\\/\\\/rentacarigoumenitsa.gr\\\/tr\\\/citroen-c3-1-2-a-c\\\/#webpage\",\"url\":\"https:\\\/\\\/rentacarigoumenitsa.gr\\\/tr\\\/citroen-c3-1-2-a-c\\\/\",\"name\":\"CITROEN C3 1.2 A\\\/C - Rent A Car Igoumenitsa\",\"description\":\"\\u0388\\u03bd\\u03b1 \\u03b5\\u03cd\\u03c7\\u03c1\\u03b7\\u03c3\\u03c4\\u03bf, \\u03bc\\u03b5\\u03c3\\u03b1\\u03af\\u03bf\\u03c5 \\u03c4\\u03cd\\u03c0\\u03bf\\u03c5 \\u03b1\\u03c5\\u03c4\\u03bf\\u03ba\\u03af\\u03bd\\u03b7\\u03c4\\u03bf \\u03b2\\u03b5\\u03bd\\u03b6\\u03b9\\u03bd\\u03bf\\u03ba\\u03af\\u03bd\\u03b7\\u03c4\\u03bf\\u03c5 \\u03ba\\u03b9\\u03bd\\u03b7\\u03c4\\u03ae\\u03c1\\u03b1 1300 \\u03ba\\u03b9\\u03b2\\u03b9\\u03ba\\u03ce\\u03bd \\u03b5\\u03ba\\u03b1\\u03c4\\u03bf\\u03c3\\u03c4\\u03ce\\u03bd, \\u03bc\\u03b5 \\u03ac\\u03c8\\u03bf\\u03b3\\u03b7 \\u03bf\\u03b4\\u03b7\\u03b3\\u03b9\\u03ba\\u03ae \\u03c3\\u03c5\\u03bc\\u03c0\\u03b5\\u03c1\\u03b9\\u03c6\\u03bf\\u03c1\\u03ac \\u03ba\\u03b1\\u03b9 \\u03c7\\u03b1\\u03bc\\u03b7\\u03bb\\u03ae \\u03ba\\u03b1\\u03c4\\u03b1\\u03bd\\u03ac\\u03bb\\u03c9\\u03c3\\u03b7 \\u03ad\\u03c4\\u03bf\\u03b9\\u03bc\\u03bf \\u03c0\\u03c1\\u03bf\\u03c2 \\u03b5\\u03bd\\u03bf\\u03b9\\u03ba\\u03af\\u03b1\\u03c3\\u03b7.\",\"inLanguage\":\"tr-TR\",\"isPartOf\":{\"@id\":\"https:\\\/\\\/rentacarigoumenitsa.gr\\\/tr\\\/#website\"},\"breadcrumb\":{\"@id\":\"https:\\\/\\\/rentacarigoumenitsa.gr\\\/tr\\\/citroen-c3-1-2-a-c\\\/#breadcrumblist\"},\"datePublished\":\"2023-12-02T09:38:40+03:00\",\"dateModified\":\"2025-04-15T07:47:44+03:00\"},{\"@type\":\"WebSite\",\"@id\":\"https:\\\/\\\/rentacarigoumenitsa.gr\\\/tr\\\/#website\",\"url\":\"https:\\\/\\\/rentacarigoumenitsa.gr\\\/tr\\\/\",\"name\":\"Rent A Car Igoumenitsa\",\"alternateName\":\"\\u0395\\u03bd\\u03bf\\u03b9\\u03ba\\u03af\\u03b1\\u03c3\\u03b7 \\u03b1\\u03c5\\u03c4\\u03bf\\u03ba\\u03b9\\u03bd\\u03ae\\u03c4\\u03bf\\u03c5 \\u0397\\u03b3\\u03bf\\u03c5\\u03bc\\u03b5\\u03bd\\u03af\\u03c4\\u03c3\\u03b1\",\"inLanguage\":\"tr-TR\",\"publisher\":{\"@id\":\"https:\\\/\\\/rentacarigoumenitsa.gr\\\/tr\\\/#organization\"}}]}\n\t\t<\/script>\n\t\t<!-- All in One SEO Pro -->\r\n\t\t<title>CITROEN C3 1.2 A\/C - Rent A Car Igoumenitsa<\/title>\n\n","aioseo_head_json":{"title":"CITROEN C3 1.2 A\/C - Rent A Car \u0130gumenitsa","description":"1300cc benzinli motora sahip, kullan\u0131m\u0131 kolay, orta boy, m\u00fckemmel yol tutu\u015fu ve d\u00fc\u015f\u00fck yak\u0131t t\u00fcketimi ile kiralamaya haz\u0131r bir otomobil.","canonical_url":"https:\/\/rentacarigoumenitsa.gr\/tr\/citroen-c3-1-2-a-c\/","robots":"max-image-preview:large","keywords":"","webmasterTools":{"google-site-verification":"S6xm9OozgzUNlz1XGUsqKaiQUGsb8eKTPjRIqVmbJRU","miscellaneous":""},"schema":{"@context":"https:\/\/schema.org","@graph":[{"@type":"BreadcrumbList","@id":"https:\/\/rentacarigoumenitsa.gr\/tr\/citroen-c3-1-2-a-c\/#breadcrumblist","itemListElement":[{"@type":"ListItem","@id":"https:\/\/rentacarigoumenitsa.gr\/tr#listItem","position":1,"name":"Home","item":"https:\/\/rentacarigoumenitsa.gr\/tr","nextItem":{"@type":"ListItem","@id":"https:\/\/rentacarigoumenitsa.gr\/tr\/citroen-c3-1-2-a-c\/#listItem","name":"CITROEN C3 1.2 A\/C"}},{"@type":"ListItem","@id":"https:\/\/rentacarigoumenitsa.gr\/tr\/citroen-c3-1-2-a-c\/#listItem","position":2,"name":"CITROEN C3 1.2 A\/C","previousItem":{"@type":"ListItem","@id":"https:\/\/rentacarigoumenitsa.gr\/tr#listItem","name":"Home"}}]},{"@type":"Organization","@id":"https:\/\/rentacarigoumenitsa.gr\/tr\/#organization","name":"Rent A Car Igoumenitsa","url":"https:\/\/rentacarigoumenitsa.gr\/tr\/","email":"igourent@gmail.com","telephone":"+302665027666","logo":{"@type":"ImageObject","url":"https:\/\/rentacarigoumenitsa.gr\/wp-content\/uploads\/2023\/11\/logo-mobile.png","@id":"https:\/\/rentacarigoumenitsa.gr\/tr\/citroen-c3-1-2-a-c\/#organizationLogo","width":250,"height":100},"image":{"@id":"https:\/\/rentacarigoumenitsa.gr\/tr\/citroen-c3-1-2-a-c\/#organizationLogo"},"sameAs":["https:\/\/www.facebook.com\/rentacarigoumenitsa\/","https:\/\/www.instagram.com\/rentcarigoumenitsa\/","https:\/\/www.youtube.com\/@rentacarigoumenitsa"],"address":{"@id":"https:\/\/rentacarigoumenitsa.gr\/tr\/#postaladdress","@type":"PostalAddress","streetAddress":"Agion Apostolon 39-41,","postalCode":"46100","addressLocality":"Igoumenitsa","addressRegion":"Thesprotia","addressCountry":"GR"},"vatID":"EL121704960"},{"@type":"WebPage","@id":"https:\/\/rentacarigoumenitsa.gr\/tr\/citroen-c3-1-2-a-c\/#webpage","url":"https:\/\/rentacarigoumenitsa.gr\/tr\/citroen-c3-1-2-a-c\/","name":"CITROEN C3 1.2 A\/C - Rent A Car Igoumenitsa","description":"\u0388\u03bd\u03b1 \u03b5\u03cd\u03c7\u03c1\u03b7\u03c3\u03c4\u03bf, \u03bc\u03b5\u03c3\u03b1\u03af\u03bf\u03c5 \u03c4\u03cd\u03c0\u03bf\u03c5 \u03b1\u03c5\u03c4\u03bf\u03ba\u03af\u03bd\u03b7\u03c4\u03bf \u03b2\u03b5\u03bd\u03b6\u03b9\u03bd\u03bf\u03ba\u03af\u03bd\u03b7\u03c4\u03bf\u03c5 \u03ba\u03b9\u03bd\u03b7\u03c4\u03ae\u03c1\u03b1 1300 \u03ba\u03b9\u03b2\u03b9\u03ba\u03ce\u03bd \u03b5\u03ba\u03b1\u03c4\u03bf\u03c3\u03c4\u03ce\u03bd, \u03bc\u03b5 \u03ac\u03c8\u03bf\u03b3\u03b7 \u03bf\u03b4\u03b7\u03b3\u03b9\u03ba\u03ae \u03c3\u03c5\u03bc\u03c0\u03b5\u03c1\u03b9\u03c6\u03bf\u03c1\u03ac \u03ba\u03b1\u03b9 \u03c7\u03b1\u03bc\u03b7\u03bb\u03ae \u03ba\u03b1\u03c4\u03b1\u03bd\u03ac\u03bb\u03c9\u03c3\u03b7 \u03ad\u03c4\u03bf\u03b9\u03bc\u03bf \u03c0\u03c1\u03bf\u03c2 \u03b5\u03bd\u03bf\u03b9\u03ba\u03af\u03b1\u03c3\u03b7.","inLanguage":"tr-TR","isPartOf":{"@id":"https:\/\/rentacarigoumenitsa.gr\/tr\/#website"},"breadcrumb":{"@id":"https:\/\/rentacarigoumenitsa.gr\/tr\/citroen-c3-1-2-a-c\/#breadcrumblist"},"datePublished":"2023-12-02T09:38:40+03:00","dateModified":"2025-04-15T07:47:44+03:00"},{"@type":"WebSite","@id":"https:\/\/rentacarigoumenitsa.gr\/tr\/#website","url":"https:\/\/rentacarigoumenitsa.gr\/tr\/","name":"Rent A Car Igoumenitsa","alternateName":"\u0395\u03bd\u03bf\u03b9\u03ba\u03af\u03b1\u03c3\u03b7 \u03b1\u03c5\u03c4\u03bf\u03ba\u03b9\u03bd\u03ae\u03c4\u03bf\u03c5 \u0397\u03b3\u03bf\u03c5\u03bc\u03b5\u03bd\u03af\u03c4\u03c3\u03b1","inLanguage":"tr-TR","publisher":{"@id":"https:\/\/rentacarigoumenitsa.gr\/tr\/#organization"}}]},"og:locale":"tr_TR","og:site_name":"Rent A Car Igoumenitsa -","og:type":"article","og:title":"CITROEN C3 1.2 A\/C - Rent A Car Igoumenitsa","og:description":"\u0388\u03bd\u03b1 \u03b5\u03cd\u03c7\u03c1\u03b7\u03c3\u03c4\u03bf, \u03bc\u03b5\u03c3\u03b1\u03af\u03bf\u03c5 \u03c4\u03cd\u03c0\u03bf\u03c5 \u03b1\u03c5\u03c4\u03bf\u03ba\u03af\u03bd\u03b7\u03c4\u03bf \u03b2\u03b5\u03bd\u03b6\u03b9\u03bd\u03bf\u03ba\u03af\u03bd\u03b7\u03c4\u03bf\u03c5 \u03ba\u03b9\u03bd\u03b7\u03c4\u03ae\u03c1\u03b1 1300 \u03ba\u03b9\u03b2\u03b9\u03ba\u03ce\u03bd \u03b5\u03ba\u03b1\u03c4\u03bf\u03c3\u03c4\u03ce\u03bd, \u03bc\u03b5 \u03ac\u03c8\u03bf\u03b3\u03b7 \u03bf\u03b4\u03b7\u03b3\u03b9\u03ba\u03ae \u03c3\u03c5\u03bc\u03c0\u03b5\u03c1\u03b9\u03c6\u03bf\u03c1\u03ac \u03ba\u03b1\u03b9 \u03c7\u03b1\u03bc\u03b7\u03bb\u03ae \u03ba\u03b1\u03c4\u03b1\u03bd\u03ac\u03bb\u03c9\u03c3\u03b7 \u03ad\u03c4\u03bf\u03b9\u03bc\u03bf \u03c0\u03c1\u03bf\u03c2 \u03b5\u03bd\u03bf\u03b9\u03ba\u03af\u03b1\u03c3\u03b7.","og:url":"https:\/\/rentacarigoumenitsa.gr\/tr\/citroen-c3-1-2-a-c\/","og:image":"https:\/\/rentacarigoumenitsa.gr\/wp-content\/uploads\/2023\/12\/fb-cover.jpg","og:image:secure_url":"https:\/\/rentacarigoumenitsa.gr\/wp-content\/uploads\/2023\/12\/fb-cover.jpg","og:image:width":1640,"og:image:height":924,"article:published_time":"2023-12-02T06:38:40+00:00","article:modified_time":"2025-04-15T07:47:44+00:00","article:publisher":"https:\/\/www.facebook.com\/rentacarigoumenitsa\/","twitter:card":"summary_large_image","twitter:title":"CITROEN C3 1.2 A\/C - Rent A Car Igoumenitsa","twitter:description":"\u0388\u03bd\u03b1 \u03b5\u03cd\u03c7\u03c1\u03b7\u03c3\u03c4\u03bf, \u03bc\u03b5\u03c3\u03b1\u03af\u03bf\u03c5 \u03c4\u03cd\u03c0\u03bf\u03c5 \u03b1\u03c5\u03c4\u03bf\u03ba\u03af\u03bd\u03b7\u03c4\u03bf \u03b2\u03b5\u03bd\u03b6\u03b9\u03bd\u03bf\u03ba\u03af\u03bd\u03b7\u03c4\u03bf\u03c5 \u03ba\u03b9\u03bd\u03b7\u03c4\u03ae\u03c1\u03b1 1300 \u03ba\u03b9\u03b2\u03b9\u03ba\u03ce\u03bd \u03b5\u03ba\u03b1\u03c4\u03bf\u03c3\u03c4\u03ce\u03bd, \u03bc\u03b5 \u03ac\u03c8\u03bf\u03b3\u03b7 \u03bf\u03b4\u03b7\u03b3\u03b9\u03ba\u03ae \u03c3\u03c5\u03bc\u03c0\u03b5\u03c1\u03b9\u03c6\u03bf\u03c1\u03ac \u03ba\u03b1\u03b9 \u03c7\u03b1\u03bc\u03b7\u03bb\u03ae \u03ba\u03b1\u03c4\u03b1\u03bd\u03ac\u03bb\u03c9\u03c3\u03b7 \u03ad\u03c4\u03bf\u03b9\u03bc\u03bf \u03c0\u03c1\u03bf\u03c2 \u03b5\u03bd\u03bf\u03b9\u03ba\u03af\u03b1\u03c3\u03b7.","twitter:image":"https:\/\/rentacarigoumenitsa.gr\/wp-content\/uploads\/2023\/12\/fb-cover.jpg"},"aioseo_meta_data":{"post_id":"207","title":null,"description":"1300cc benzinli motora sahip, kullan\u0131m\u0131 kolay, orta boy, m\u00fckemmel yol tutu\u015fu ve d\u00fc\u015f\u00fck yak\u0131t t\u00fcketimi ile kiralamaya haz\u0131r bir otomobil.","keywords":null,"keyphrases":{"focus":{"keyphrase":"Fiat Punto","score":81,"analysis":{"keyphraseInTitle":{"score":9,"maxScore":9,"error":0},"keyphraseInDescription":{"score":3,"maxScore":9,"error":1},"keyphraseLength":{"score":9,"maxScore":9,"error":0,"length":2},"keyphraseInURL":{"score":5,"maxScore":5,"error":0}}},"additional":[]},"primary_term":null,"canonical_url":null,"og_title":null,"og_description":null,"og_object_type":"default","og_image_type":"default","og_image_url":null,"og_image_width":null,"og_image_height":null,"og_image_custom_url":null,"og_image_custom_fields":null,"og_video":"","og_custom_url":null,"og_article_section":null,"og_article_tags":null,"twitter_use_og":false,"twitter_card":"default","twitter_image_type":"default","twitter_image_url":null,"twitter_image_custom_url":null,"twitter_image_custom_fields":null,"twitter_title":null,"twitter_description":null,"schema":{"blockGraphs":[],"customGraphs":[],"default":{"data":{"Article":[],"Course":[],"Dataset":[],"FAQPage":[],"Movie":[],"Person":[],"Product":[],"ProductReview":[],"Car":[],"Recipe":[],"Service":[],"SoftwareApplication":[],"WebPage":[]},"graphName":"WebPage","isEnabled":true},"graphs":[]},"schema_type":"default","schema_type_options":null,"pillar_content":false,"robots_default":true,"robots_noindex":false,"robots_noarchive":false,"robots_nosnippet":false,"robots_nofollow":false,"robots_noimageindex":false,"robots_noodp":false,"robots_notranslate":false,"robots_max_snippet":"-1","robots_max_videopreview":"-1","robots_max_imagepreview":"large","priority":null,"frequency":"default","local_seo":null,"seo_analyzer_scan_date":"2025-09-19 11:40:40","breadcrumb_settings":null,"limit_modified_date":false,"open_ai":"{\"title\":{\"suggestions\":[],\"usage\":0},\"description\":{\"suggestions\":[],\"usage\":0}}","ai":null,"created":"2023-12-02 08:41:49","updated":"2025-12-03 13:22:12"},"aioseo_breadcrumb":"<div class=\"aioseo-breadcrumbs\"><span class=\"aioseo-breadcrumb\">\n\t<a href=\"https:\/\/rentacarigoumenitsa.gr\/tr\" title=\"Home\">Home<\/a>\n<\/span><span class=\"aioseo-breadcrumb-separator\">&raquo;<\/span><span class=\"aioseo-breadcrumb\">\n\tCITROEN C3 1.2 A\/C\n<\/span><\/div>","aioseo_breadcrumb_json":[{"label":"Home","link":"https:\/\/rentacarigoumenitsa.gr\/tr"},{"label":"CITROEN C3 1.2 A\/C","link":"https:\/\/rentacarigoumenitsa.gr\/tr\/citroen-c3-1-2-a-c\/"}],"_links":{"self":[{"href":"https:\/\/rentacarigoumenitsa.gr\/tr\/wp-json\/wp\/v2\/pages\/207","targetHints":{"allow":["GET"]}}],"collection":[{"href":"https:\/\/rentacarigoumenitsa.gr\/tr\/wp-json\/wp\/v2\/pages"}],"about":[{"href":"https:\/\/rentacarigoumenitsa.gr\/tr\/wp-json\/wp\/v2\/types\/page"}],"author":[{"embeddable":true,"href":"https:\/\/rentacarigoumenitsa.gr\/tr\/wp-json\/wp\/v2\/users\/1"}],"replies":[{"embeddable":true,"href":"https:\/\/rentacarigoumenitsa.gr\/tr\/wp-json\/wp\/v2\/comments?post=207"}],"version-history":[{"count":1,"href":"https:\/\/rentacarigoumenitsa.gr\/tr\/wp-json\/wp\/v2\/pages\/207\/revisions"}],"predecessor-version":[{"id":391,"href":"https:\/\/rentacarigoumenitsa.gr\/tr\/wp-json\/wp\/v2\/pages\/207\/revisions\/391"}],"wp:attachment":[{"href":"https:\/\/rentacarigoumenitsa.gr\/tr\/wp-json\/wp\/v2\/media?parent=207"}],"curies":[{"name":"wp","href":"https:\/\/api.w.org\/{rel}","templated":true}]}}