{"id":151,"date":"2023-11-29T19:03:44","date_gmt":"2023-11-29T16:03:44","guid":{"rendered":"https:\/\/rentacarigoumenitsa.gr\/shop\/"},"modified":"2023-12-04T06:45:21","modified_gmt":"2023-12-04T03:45:21","slug":"dukkan","status":"publish","type":"page","link":"https:\/\/rentacarigoumenitsa.gr\/tr\/shop\/","title":{"rendered":"Online Rezervasyon"},"content":{"rendered":"","protected":false},"excerpt":{"rendered":"","protected":false},"author":1,"featured_media":0,"parent":0,"menu_order":0,"comment_status":"closed","ping_status":"closed","template":"","meta":{"footnotes":""},"class_list":["post-151","page","type-page","status-publish","hentry"],"aioseo_notices":[],"aioseo_head":"\n\t\t<!-- All in One SEO Pro 4.9.4.2 - aioseo.com -->\n\t<meta name=\"description\" content=\"\u039a\u03ac\u03bd\u03c4\u03b5 \u03c4\u03b7\u03bd \u03ba\u03c1\u03ac\u03c4\u03b7\u03c3\u03b7 \u03c4\u03b7\u03c2 \u03b5\u03bd\u03bf\u03b9\u03ba\u03af\u03b1\u03c3\u03b7\u03c2 \u03c4\u03bf\u03c5 \u03b1\u03c5\u03c4\u03bf\u03ba\u03b9\u03bd\u03ae\u03c4\u03bf\u03c5 \u03c3\u03b1\u03c2 online \u03c3\u03b5 \u03b1\u03c3\u03c5\u03bd\u03b1\u03b3\u03ce\u03bd\u03b9\u03c3\u03c4\u03b5\u03c2 \u03c4\u03b9\u03bc\u03ad\u03c2 \u03c3\u03b5 \u0397\u03b3\u03bf\u03c5\u03bc\u03b5\u03bd\u03af\u03c4\u03c3\u03b1, \u0398\u03b5\u03c3\u03c0\u03c1\u03c9\u03c4\u03af\u03b1 \u03ba\u03b1\u03b9 \u0389\u03c0\u03b5\u03b9\u03c1\u03bf.\" \/>\n\t<meta name=\"robots\" content=\"max-image-preview:large\" \/>\n\t<meta name=\"google-site-verification\" content=\"S6xm9OozgzUNlz1XGUsqKaiQUGsb8eKTPjRIqVmbJRU\" \/>\n\t<link rel=\"canonical\" href=\"https:\/\/rentacarigoumenitsa.gr\/tr\/shop\/\" \/>\n\t<meta name=\"generator\" content=\"All in One SEO Pro (AIOSEO) 4.9.4.2\" \/>\n\t\t<meta property=\"og:locale\" content=\"tr_TR\" \/>\n\t\t<meta property=\"og:site_name\" content=\"Rent A Car Igoumenitsa -\" \/>\n\t\t<meta property=\"og:type\" content=\"article\" \/>\n\t\t<meta property=\"og:title\" content=\"Online \u039a\u03c1\u03b1\u03c4\u03ae\u03c3\u03b5\u03b9\u03c2 \u03b5\u03bd\u03bf\u03b9\u03ba\u03af\u03b1\u03c3\u03b7\u03c2 \u03b1\u03c5\u03c4\u03bf\u03ba\u03b9\u03bd\u03ae\u03c4\u03c9\u03bd \u03c3\u03c4\u03b7\u03bd \u0397\u03b3\u03bf\u03c5\u03bc\u03b5\u03bd\u03af\u03c4\u03c3\u03b1\" \/>\n\t\t<meta property=\"og:description\" content=\"\u039a\u03ac\u03bd\u03c4\u03b5 \u03c4\u03b7\u03bd \u03ba\u03c1\u03ac\u03c4\u03b7\u03c3\u03b7 \u03c4\u03b7\u03c2 \u03b5\u03bd\u03bf\u03b9\u03ba\u03af\u03b1\u03c3\u03b7\u03c2 \u03c4\u03bf\u03c5 \u03b1\u03c5\u03c4\u03bf\u03ba\u03b9\u03bd\u03ae\u03c4\u03bf\u03c5 \u03c3\u03b1\u03c2 online \u03c3\u03b5 \u03b1\u03c3\u03c5\u03bd\u03b1\u03b3\u03ce\u03bd\u03b9\u03c3\u03c4\u03b5\u03c2 \u03c4\u03b9\u03bc\u03ad\u03c2 \u03c3\u03b5 \u0397\u03b3\u03bf\u03c5\u03bc\u03b5\u03bd\u03af\u03c4\u03c3\u03b1, \u0398\u03b5\u03c3\u03c0\u03c1\u03c9\u03c4\u03af\u03b1 \u03ba\u03b1\u03b9 \u0389\u03c0\u03b5\u03b9\u03c1\u03bf.\" \/>\n\t\t<meta property=\"og:url\" content=\"https:\/\/rentacarigoumenitsa.gr\/tr\/shop\/\" \/>\n\t\t<meta property=\"og:image\" content=\"https:\/\/rentacarigoumenitsa.gr\/wp-content\/uploads\/2023\/12\/fb-cover.jpg\" \/>\n\t\t<meta property=\"og:image:secure_url\" content=\"https:\/\/rentacarigoumenitsa.gr\/wp-content\/uploads\/2023\/12\/fb-cover.jpg\" \/>\n\t\t<meta property=\"og:image:width\" content=\"1640\" \/>\n\t\t<meta property=\"og:image:height\" content=\"924\" \/>\n\t\t<meta property=\"article:published_time\" content=\"2023-11-29T16:03:44+00:00\" \/>\n\t\t<meta property=\"article:modified_time\" content=\"2023-12-04T03:45:21+00:00\" \/>\n\t\t<meta property=\"article:publisher\" content=\"https:\/\/www.facebook.com\/rentacarigoumenitsa\/\" \/>\n\t\t<meta name=\"twitter:card\" content=\"summary_large_image\" \/>\n\t\t<meta name=\"twitter:title\" content=\"Online \u039a\u03c1\u03b1\u03c4\u03ae\u03c3\u03b5\u03b9\u03c2 \u03b5\u03bd\u03bf\u03b9\u03ba\u03af\u03b1\u03c3\u03b7\u03c2 \u03b1\u03c5\u03c4\u03bf\u03ba\u03b9\u03bd\u03ae\u03c4\u03c9\u03bd \u03c3\u03c4\u03b7\u03bd \u0397\u03b3\u03bf\u03c5\u03bc\u03b5\u03bd\u03af\u03c4\u03c3\u03b1\" \/>\n\t\t<meta name=\"twitter:description\" content=\"\u039a\u03ac\u03bd\u03c4\u03b5 \u03c4\u03b7\u03bd \u03ba\u03c1\u03ac\u03c4\u03b7\u03c3\u03b7 \u03c4\u03b7\u03c2 \u03b5\u03bd\u03bf\u03b9\u03ba\u03af\u03b1\u03c3\u03b7\u03c2 \u03c4\u03bf\u03c5 \u03b1\u03c5\u03c4\u03bf\u03ba\u03b9\u03bd\u03ae\u03c4\u03bf\u03c5 \u03c3\u03b1\u03c2 online \u03c3\u03b5 \u03b1\u03c3\u03c5\u03bd\u03b1\u03b3\u03ce\u03bd\u03b9\u03c3\u03c4\u03b5\u03c2 \u03c4\u03b9\u03bc\u03ad\u03c2 \u03c3\u03b5 \u0397\u03b3\u03bf\u03c5\u03bc\u03b5\u03bd\u03af\u03c4\u03c3\u03b1, \u0398\u03b5\u03c3\u03c0\u03c1\u03c9\u03c4\u03af\u03b1 \u03ba\u03b1\u03b9 \u0389\u03c0\u03b5\u03b9\u03c1\u03bf.\" \/>\n\t\t<meta name=\"twitter:image\" content=\"https:\/\/rentacarigoumenitsa.gr\/wp-content\/uploads\/2023\/12\/fb-cover.jpg\" \/>\n\t\t<script type=\"application\/ld+json\" class=\"aioseo-schema\">\n\t\t\t{\"@context\":\"https:\\\/\\\/schema.org\",\"@graph\":[{\"@type\":\"BreadcrumbList\",\"@id\":\"https:\\\/\\\/rentacarigoumenitsa.gr\\\/tr\\\/shop\\\/#breadcrumblist\",\"itemListElement\":[{\"@type\":\"ListItem\",\"@id\":\"https:\\\/\\\/rentacarigoumenitsa.gr\\\/tr#listItem\",\"position\":1,\"name\":\"Home\",\"item\":\"https:\\\/\\\/rentacarigoumenitsa.gr\\\/tr\",\"nextItem\":{\"@type\":\"ListItem\",\"@id\":\"https:\\\/\\\/rentacarigoumenitsa.gr\\\/tr\\\/shop\\\/#listItem\",\"name\":\"Online \\u039a\\u03c1\\u03b1\\u03c4\\u03ae\\u03c3\\u03b5\\u03b9\\u03c2\"}},{\"@type\":\"ListItem\",\"@id\":\"https:\\\/\\\/rentacarigoumenitsa.gr\\\/tr\\\/shop\\\/#listItem\",\"position\":2,\"name\":\"Online \\u039a\\u03c1\\u03b1\\u03c4\\u03ae\\u03c3\\u03b5\\u03b9\\u03c2\",\"previousItem\":{\"@type\":\"ListItem\",\"@id\":\"https:\\\/\\\/rentacarigoumenitsa.gr\\\/tr#listItem\",\"name\":\"Home\"}}]},{\"@type\":\"Organization\",\"@id\":\"https:\\\/\\\/rentacarigoumenitsa.gr\\\/tr\\\/#organization\",\"name\":\"Rent A Car Igoumenitsa\",\"url\":\"https:\\\/\\\/rentacarigoumenitsa.gr\\\/tr\\\/\",\"email\":\"igourent@gmail.com\",\"telephone\":\"+302665027666\",\"logo\":{\"@type\":\"ImageObject\",\"url\":\"https:\\\/\\\/rentacarigoumenitsa.gr\\\/wp-content\\\/uploads\\\/2023\\\/11\\\/logo-mobile.png\",\"@id\":\"https:\\\/\\\/rentacarigoumenitsa.gr\\\/tr\\\/shop\\\/#organizationLogo\",\"width\":250,\"height\":100},\"image\":{\"@id\":\"https:\\\/\\\/rentacarigoumenitsa.gr\\\/tr\\\/shop\\\/#organizationLogo\"},\"sameAs\":[\"https:\\\/\\\/www.facebook.com\\\/rentacarigoumenitsa\\\/\",\"https:\\\/\\\/www.instagram.com\\\/rentcarigoumenitsa\\\/\",\"https:\\\/\\\/www.youtube.com\\\/@rentacarigoumenitsa\"],\"address\":{\"@id\":\"https:\\\/\\\/rentacarigoumenitsa.gr\\\/tr\\\/#postaladdress\",\"@type\":\"PostalAddress\",\"streetAddress\":\"Agion Apostolon 39-41,\",\"postalCode\":\"46100\",\"addressLocality\":\"Igoumenitsa\",\"addressRegion\":\"Thesprotia\",\"addressCountry\":\"GR\"},\"vatID\":\"EL121704960\"},{\"@type\":\"WebPage\",\"@id\":\"https:\\\/\\\/rentacarigoumenitsa.gr\\\/tr\\\/shop\\\/#webpage\",\"url\":\"https:\\\/\\\/rentacarigoumenitsa.gr\\\/tr\\\/shop\\\/\",\"name\":\"Online \\u039a\\u03c1\\u03b1\\u03c4\\u03ae\\u03c3\\u03b5\\u03b9\\u03c2 \\u03b5\\u03bd\\u03bf\\u03b9\\u03ba\\u03af\\u03b1\\u03c3\\u03b7\\u03c2 \\u03b1\\u03c5\\u03c4\\u03bf\\u03ba\\u03b9\\u03bd\\u03ae\\u03c4\\u03c9\\u03bd \\u03c3\\u03c4\\u03b7\\u03bd \\u0397\\u03b3\\u03bf\\u03c5\\u03bc\\u03b5\\u03bd\\u03af\\u03c4\\u03c3\\u03b1\",\"description\":\"\\u039a\\u03ac\\u03bd\\u03c4\\u03b5 \\u03c4\\u03b7\\u03bd \\u03ba\\u03c1\\u03ac\\u03c4\\u03b7\\u03c3\\u03b7 \\u03c4\\u03b7\\u03c2 \\u03b5\\u03bd\\u03bf\\u03b9\\u03ba\\u03af\\u03b1\\u03c3\\u03b7\\u03c2 \\u03c4\\u03bf\\u03c5 \\u03b1\\u03c5\\u03c4\\u03bf\\u03ba\\u03b9\\u03bd\\u03ae\\u03c4\\u03bf\\u03c5 \\u03c3\\u03b1\\u03c2 online \\u03c3\\u03b5 \\u03b1\\u03c3\\u03c5\\u03bd\\u03b1\\u03b3\\u03ce\\u03bd\\u03b9\\u03c3\\u03c4\\u03b5\\u03c2 \\u03c4\\u03b9\\u03bc\\u03ad\\u03c2 \\u03c3\\u03b5 \\u0397\\u03b3\\u03bf\\u03c5\\u03bc\\u03b5\\u03bd\\u03af\\u03c4\\u03c3\\u03b1, \\u0398\\u03b5\\u03c3\\u03c0\\u03c1\\u03c9\\u03c4\\u03af\\u03b1 \\u03ba\\u03b1\\u03b9 \\u0389\\u03c0\\u03b5\\u03b9\\u03c1\\u03bf.\",\"inLanguage\":\"tr-TR\",\"isPartOf\":{\"@id\":\"https:\\\/\\\/rentacarigoumenitsa.gr\\\/tr\\\/#website\"},\"breadcrumb\":{\"@id\":\"https:\\\/\\\/rentacarigoumenitsa.gr\\\/tr\\\/shop\\\/#breadcrumblist\"},\"datePublished\":\"2023-11-29T19:03:44+03:00\",\"dateModified\":\"2023-12-04T06:45:21+03:00\"},{\"@type\":\"WebSite\",\"@id\":\"https:\\\/\\\/rentacarigoumenitsa.gr\\\/tr\\\/#website\",\"url\":\"https:\\\/\\\/rentacarigoumenitsa.gr\\\/tr\\\/\",\"name\":\"Rent A Car Igoumenitsa\",\"alternateName\":\"\\u0395\\u03bd\\u03bf\\u03b9\\u03ba\\u03af\\u03b1\\u03c3\\u03b7 \\u03b1\\u03c5\\u03c4\\u03bf\\u03ba\\u03b9\\u03bd\\u03ae\\u03c4\\u03bf\\u03c5 \\u0397\\u03b3\\u03bf\\u03c5\\u03bc\\u03b5\\u03bd\\u03af\\u03c4\\u03c3\\u03b1\",\"inLanguage\":\"tr-TR\",\"publisher\":{\"@id\":\"https:\\\/\\\/rentacarigoumenitsa.gr\\\/tr\\\/#organization\"}}]}\n\t\t<\/script>\n\t\t<!-- All in One SEO Pro -->\r\n\t\t<title>Online \u039a\u03c1\u03b1\u03c4\u03ae\u03c3\u03b5\u03b9\u03c2 \u03b5\u03bd\u03bf\u03b9\u03ba\u03af\u03b1\u03c3\u03b7\u03c2 \u03b1\u03c5\u03c4\u03bf\u03ba\u03b9\u03bd\u03ae\u03c4\u03c9\u03bd \u03c3\u03c4\u03b7\u03bd \u0397\u03b3\u03bf\u03c5\u03bc\u03b5\u03bd\u03af\u03c4\u03c3\u03b1<\/title>\n\n","aioseo_head_json":{"title":"\u0130gumenitsa'da Online Ara\u00e7 Kiralama Rezervasyonlar\u0131","description":"Igoumenitsa, Thesprotia ve Epirus'ta rakipsiz fiyatlarla online ara\u00e7 kiralama rezervasyonu yap\u0131n.","canonical_url":"https:\/\/rentacarigoumenitsa.gr\/tr\/shop\/","robots":"max-image-preview:large","keywords":"","webmasterTools":{"google-site-verification":"S6xm9OozgzUNlz1XGUsqKaiQUGsb8eKTPjRIqVmbJRU","miscellaneous":""},"schema":{"@context":"https:\/\/schema.org","@graph":[{"@type":"BreadcrumbList","@id":"https:\/\/rentacarigoumenitsa.gr\/tr\/shop\/#breadcrumblist","itemListElement":[{"@type":"ListItem","@id":"https:\/\/rentacarigoumenitsa.gr\/tr#listItem","position":1,"name":"Home","item":"https:\/\/rentacarigoumenitsa.gr\/tr","nextItem":{"@type":"ListItem","@id":"https:\/\/rentacarigoumenitsa.gr\/tr\/shop\/#listItem","name":"Online \u039a\u03c1\u03b1\u03c4\u03ae\u03c3\u03b5\u03b9\u03c2"}},{"@type":"ListItem","@id":"https:\/\/rentacarigoumenitsa.gr\/tr\/shop\/#listItem","position":2,"name":"Online \u039a\u03c1\u03b1\u03c4\u03ae\u03c3\u03b5\u03b9\u03c2","previousItem":{"@type":"ListItem","@id":"https:\/\/rentacarigoumenitsa.gr\/tr#listItem","name":"Home"}}]},{"@type":"Organization","@id":"https:\/\/rentacarigoumenitsa.gr\/tr\/#organization","name":"Rent A Car Igoumenitsa","url":"https:\/\/rentacarigoumenitsa.gr\/tr\/","email":"igourent@gmail.com","telephone":"+302665027666","logo":{"@type":"ImageObject","url":"https:\/\/rentacarigoumenitsa.gr\/wp-content\/uploads\/2023\/11\/logo-mobile.png","@id":"https:\/\/rentacarigoumenitsa.gr\/tr\/shop\/#organizationLogo","width":250,"height":100},"image":{"@id":"https:\/\/rentacarigoumenitsa.gr\/tr\/shop\/#organizationLogo"},"sameAs":["https:\/\/www.facebook.com\/rentacarigoumenitsa\/","https:\/\/www.instagram.com\/rentcarigoumenitsa\/","https:\/\/www.youtube.com\/@rentacarigoumenitsa"],"address":{"@id":"https:\/\/rentacarigoumenitsa.gr\/tr\/#postaladdress","@type":"PostalAddress","streetAddress":"Agion Apostolon 39-41,","postalCode":"46100","addressLocality":"Igoumenitsa","addressRegion":"Thesprotia","addressCountry":"GR"},"vatID":"EL121704960"},{"@type":"WebPage","@id":"https:\/\/rentacarigoumenitsa.gr\/tr\/shop\/#webpage","url":"https:\/\/rentacarigoumenitsa.gr\/tr\/shop\/","name":"Online \u039a\u03c1\u03b1\u03c4\u03ae\u03c3\u03b5\u03b9\u03c2 \u03b5\u03bd\u03bf\u03b9\u03ba\u03af\u03b1\u03c3\u03b7\u03c2 \u03b1\u03c5\u03c4\u03bf\u03ba\u03b9\u03bd\u03ae\u03c4\u03c9\u03bd \u03c3\u03c4\u03b7\u03bd \u0397\u03b3\u03bf\u03c5\u03bc\u03b5\u03bd\u03af\u03c4\u03c3\u03b1","description":"\u039a\u03ac\u03bd\u03c4\u03b5 \u03c4\u03b7\u03bd \u03ba\u03c1\u03ac\u03c4\u03b7\u03c3\u03b7 \u03c4\u03b7\u03c2 \u03b5\u03bd\u03bf\u03b9\u03ba\u03af\u03b1\u03c3\u03b7\u03c2 \u03c4\u03bf\u03c5 \u03b1\u03c5\u03c4\u03bf\u03ba\u03b9\u03bd\u03ae\u03c4\u03bf\u03c5 \u03c3\u03b1\u03c2 online \u03c3\u03b5 \u03b1\u03c3\u03c5\u03bd\u03b1\u03b3\u03ce\u03bd\u03b9\u03c3\u03c4\u03b5\u03c2 \u03c4\u03b9\u03bc\u03ad\u03c2 \u03c3\u03b5 \u0397\u03b3\u03bf\u03c5\u03bc\u03b5\u03bd\u03af\u03c4\u03c3\u03b1, \u0398\u03b5\u03c3\u03c0\u03c1\u03c9\u03c4\u03af\u03b1 \u03ba\u03b1\u03b9 \u0389\u03c0\u03b5\u03b9\u03c1\u03bf.","inLanguage":"tr-TR","isPartOf":{"@id":"https:\/\/rentacarigoumenitsa.gr\/tr\/#website"},"breadcrumb":{"@id":"https:\/\/rentacarigoumenitsa.gr\/tr\/shop\/#breadcrumblist"},"datePublished":"2023-11-29T19:03:44+03:00","dateModified":"2023-12-04T06:45:21+03:00"},{"@type":"WebSite","@id":"https:\/\/rentacarigoumenitsa.gr\/tr\/#website","url":"https:\/\/rentacarigoumenitsa.gr\/tr\/","name":"Rent A Car Igoumenitsa","alternateName":"\u0395\u03bd\u03bf\u03b9\u03ba\u03af\u03b1\u03c3\u03b7 \u03b1\u03c5\u03c4\u03bf\u03ba\u03b9\u03bd\u03ae\u03c4\u03bf\u03c5 \u0397\u03b3\u03bf\u03c5\u03bc\u03b5\u03bd\u03af\u03c4\u03c3\u03b1","inLanguage":"tr-TR","publisher":{"@id":"https:\/\/rentacarigoumenitsa.gr\/tr\/#organization"}}]},"og:locale":"tr_TR","og:site_name":"Rent A Car Igoumenitsa -","og:type":"article","og:title":"Online \u039a\u03c1\u03b1\u03c4\u03ae\u03c3\u03b5\u03b9\u03c2 \u03b5\u03bd\u03bf\u03b9\u03ba\u03af\u03b1\u03c3\u03b7\u03c2 \u03b1\u03c5\u03c4\u03bf\u03ba\u03b9\u03bd\u03ae\u03c4\u03c9\u03bd \u03c3\u03c4\u03b7\u03bd \u0397\u03b3\u03bf\u03c5\u03bc\u03b5\u03bd\u03af\u03c4\u03c3\u03b1","og:description":"\u039a\u03ac\u03bd\u03c4\u03b5 \u03c4\u03b7\u03bd \u03ba\u03c1\u03ac\u03c4\u03b7\u03c3\u03b7 \u03c4\u03b7\u03c2 \u03b5\u03bd\u03bf\u03b9\u03ba\u03af\u03b1\u03c3\u03b7\u03c2 \u03c4\u03bf\u03c5 \u03b1\u03c5\u03c4\u03bf\u03ba\u03b9\u03bd\u03ae\u03c4\u03bf\u03c5 \u03c3\u03b1\u03c2 online \u03c3\u03b5 \u03b1\u03c3\u03c5\u03bd\u03b1\u03b3\u03ce\u03bd\u03b9\u03c3\u03c4\u03b5\u03c2 \u03c4\u03b9\u03bc\u03ad\u03c2 \u03c3\u03b5 \u0397\u03b3\u03bf\u03c5\u03bc\u03b5\u03bd\u03af\u03c4\u03c3\u03b1, \u0398\u03b5\u03c3\u03c0\u03c1\u03c9\u03c4\u03af\u03b1 \u03ba\u03b1\u03b9 \u0389\u03c0\u03b5\u03b9\u03c1\u03bf.","og:url":"https:\/\/rentacarigoumenitsa.gr\/tr\/shop\/","og:image":"https:\/\/rentacarigoumenitsa.gr\/wp-content\/uploads\/2023\/12\/fb-cover.jpg","og:image:secure_url":"https:\/\/rentacarigoumenitsa.gr\/wp-content\/uploads\/2023\/12\/fb-cover.jpg","og:image:width":1640,"og:image:height":924,"article:published_time":"2023-11-29T16:03:44+00:00","article:modified_time":"2023-12-04T03:45:21+00:00","article:publisher":"https:\/\/www.facebook.com\/rentacarigoumenitsa\/","twitter:card":"summary_large_image","twitter:title":"Online \u039a\u03c1\u03b1\u03c4\u03ae\u03c3\u03b5\u03b9\u03c2 \u03b5\u03bd\u03bf\u03b9\u03ba\u03af\u03b1\u03c3\u03b7\u03c2 \u03b1\u03c5\u03c4\u03bf\u03ba\u03b9\u03bd\u03ae\u03c4\u03c9\u03bd \u03c3\u03c4\u03b7\u03bd \u0397\u03b3\u03bf\u03c5\u03bc\u03b5\u03bd\u03af\u03c4\u03c3\u03b1","twitter:description":"\u039a\u03ac\u03bd\u03c4\u03b5 \u03c4\u03b7\u03bd \u03ba\u03c1\u03ac\u03c4\u03b7\u03c3\u03b7 \u03c4\u03b7\u03c2 \u03b5\u03bd\u03bf\u03b9\u03ba\u03af\u03b1\u03c3\u03b7\u03c2 \u03c4\u03bf\u03c5 \u03b1\u03c5\u03c4\u03bf\u03ba\u03b9\u03bd\u03ae\u03c4\u03bf\u03c5 \u03c3\u03b1\u03c2 online \u03c3\u03b5 \u03b1\u03c3\u03c5\u03bd\u03b1\u03b3\u03ce\u03bd\u03b9\u03c3\u03c4\u03b5\u03c2 \u03c4\u03b9\u03bc\u03ad\u03c2 \u03c3\u03b5 \u0397\u03b3\u03bf\u03c5\u03bc\u03b5\u03bd\u03af\u03c4\u03c3\u03b1, \u0398\u03b5\u03c3\u03c0\u03c1\u03c9\u03c4\u03af\u03b1 \u03ba\u03b1\u03b9 \u0389\u03c0\u03b5\u03b9\u03c1\u03bf.","twitter:image":"https:\/\/rentacarigoumenitsa.gr\/wp-content\/uploads\/2023\/12\/fb-cover.jpg"},"aioseo_meta_data":{"post_id":"151","title":"\u0130gumenitsa'da Online Ara\u00e7 Kiralama Rezervasyonlar\u0131","description":"Igoumenitsa, Thesprotia ve Epirus'ta rakipsiz fiyatlarla online ara\u00e7 kiralama rezervasyonu yap\u0131n.","keywords":[],"keyphrases":{"focus":{"keyphrase":"Online \u039a\u03c1\u03b1\u03c4\u03ae\u03c3\u03b5\u03b9\u03c2","score":69,"analysis":{"keyphraseInTitle":{"score":9,"maxScore":9,"error":0},"keyphraseInDescription":{"score":3,"maxScore":9,"error":1},"keyphraseLength":{"score":9,"maxScore":9,"error":0,"length":1},"keyphraseInURL":{"score":1,"maxScore":5,"error":1}}},"additional":[]},"primary_term":null,"canonical_url":null,"og_title":null,"og_description":null,"og_object_type":"default","og_image_type":"default","og_image_url":null,"og_image_width":null,"og_image_height":null,"og_image_custom_url":null,"og_image_custom_fields":null,"og_video":"","og_custom_url":null,"og_article_section":null,"og_article_tags":[],"twitter_use_og":false,"twitter_card":"default","twitter_image_type":"default","twitter_image_url":null,"twitter_image_custom_url":null,"twitter_image_custom_fields":null,"twitter_title":null,"twitter_description":null,"schema":{"blockGraphs":[],"customGraphs":[],"default":{"data":{"Article":[],"Course":[],"Dataset":[],"FAQPage":[],"Movie":[],"Person":[],"Product":[],"ProductReview":[],"Car":[],"Recipe":[],"Service":[],"SoftwareApplication":[],"WebPage":[]},"graphName":"WebPage","isEnabled":true},"graphs":[]},"schema_type":"default","schema_type_options":null,"pillar_content":false,"robots_default":true,"robots_noindex":false,"robots_noarchive":false,"robots_nosnippet":false,"robots_nofollow":false,"robots_noimageindex":false,"robots_noodp":false,"robots_notranslate":false,"robots_max_snippet":"-1","robots_max_videopreview":"-1","robots_max_imagepreview":"large","priority":null,"frequency":"default","local_seo":null,"seo_analyzer_scan_date":"2025-09-19 11:08:25","breadcrumb_settings":null,"limit_modified_date":false,"open_ai":"{\"title\":{\"suggestions\":[],\"usage\":0},\"description\":{\"suggestions\":[],\"usage\":0}}","ai":null,"created":"2023-12-02 08:41:49","updated":"2025-12-03 13:22:12"},"aioseo_breadcrumb":"<div class=\"aioseo-breadcrumbs\"><span class=\"aioseo-breadcrumb\">\n\t<a href=\"https:\/\/rentacarigoumenitsa.gr\/tr\" title=\"Home\">Home<\/a>\n<\/span><span class=\"aioseo-breadcrumb-separator\">&raquo;<\/span><span class=\"aioseo-breadcrumb\">\n\tOnline \u039a\u03c1\u03b1\u03c4\u03ae\u03c3\u03b5\u03b9\u03c2\n<\/span><\/div>","aioseo_breadcrumb_json":[{"label":"Home","link":"https:\/\/rentacarigoumenitsa.gr\/tr"},{"label":"Online \u039a\u03c1\u03b1\u03c4\u03ae\u03c3\u03b5\u03b9\u03c2","link":"https:\/\/rentacarigoumenitsa.gr\/tr\/shop\/"}],"_links":{"self":[{"href":"https:\/\/rentacarigoumenitsa.gr\/tr\/wp-json\/wp\/v2\/pages\/151","targetHints":{"allow":["GET"]}}],"collection":[{"href":"https:\/\/rentacarigoumenitsa.gr\/tr\/wp-json\/wp\/v2\/pages"}],"about":[{"href":"https:\/\/rentacarigoumenitsa.gr\/tr\/wp-json\/wp\/v2\/types\/page"}],"author":[{"embeddable":true,"href":"https:\/\/rentacarigoumenitsa.gr\/tr\/wp-json\/wp\/v2\/users\/1"}],"replies":[{"embeddable":true,"href":"https:\/\/rentacarigoumenitsa.gr\/tr\/wp-json\/wp\/v2\/comments?post=151"}],"version-history":[{"count":0,"href":"https:\/\/rentacarigoumenitsa.gr\/tr\/wp-json\/wp\/v2\/pages\/151\/revisions"}],"wp:attachment":[{"href":"https:\/\/rentacarigoumenitsa.gr\/tr\/wp-json\/wp\/v2\/media?parent=151"}],"curies":[{"name":"wp","href":"https:\/\/api.w.org\/{rel}","templated":true}]}}