{"id":338,"date":"2024-04-03T19:31:18","date_gmt":"2024-04-03T16:31:18","guid":{"rendered":"https:\/\/rentacarigoumenitsa.gr\/?post_type=product&#038;p=338"},"modified":"2024-04-03T19:33:40","modified_gmt":"2024-04-03T16:33:40","slug":"dacia-lodgy-1-5-diesel-7-sitze","status":"publish","type":"product","link":"https:\/\/rentacarigoumenitsa.gr\/de\/product\/dacia-lodgy-1-5-diesel-7-seats\/","title":{"rendered":"Dacia Lodgy 1.5 Diesel (7 Sitze)"},"content":{"rendered":"<p>Ein gro\u00dfartiges Auto f\u00fcr den Transport gro\u00dfer Personengruppen, mit viel Platz, einem 1500-ccm-Dieselmotor mit exzellentem Handling und maximalem Kraftstoffverbrauch sowie einem 7-Gang-Schaltgetriebe. Er bietet maximale Sicherheit durch ABS\/ASP-System und 8 Airbags.<br \/>\nNeben Klimaanlage und Zentralverriegelung geh\u00f6ren ein USB-Anschluss und ein Multifunktionsbildschirm zur Standardausstattung. Gro\u00dfer Gep\u00e4ckraum f\u00fcr bis zu 6 Koffer. 7 Passagiere.<\/p>","protected":false},"excerpt":{"rendered":"<p>\u0388\u03bd\u03b1 \u03ba\u03b1\u03c4\u03b1\u03c0\u03bb\u03b7\u03ba\u03c4\u03b9\u03ba\u03cc \u03b1\u03c5\u03c4\u03bf\u03ba\u03af\u03bd\u03b7\u03c4\u03bf \u03b3\u03b9\u03b1 \u03c4\u03b7 \u03bc\u03b5\u03c4\u03b1\u03c6\u03bf\u03c1\u03ac \u03c0\u03bf\u03bb\u03c5\u03bc\u03b5\u03bb\u03ce\u03bd \u03bf\u03bc\u03ac\u03b4\u03c9\u03bd, \u03bc\u03b5 \u03bc\u03b5\u03b3\u03ac\u03bb\u03bf\u03c5\u03c2 \u03c7\u03ce\u03c1\u03bf\u03c5\u03c2, \u03c0\u03b5\u03c4\u03c1\u03b5\u03bb\u03b1\u03b9\u03bf\u03ba\u03b9\u03bd\u03b7\u03c4\u03ae\u03c1\u03b1 1500 \u03ba\u03c5\u03b2\u03b9\u03ba\u03ac \u03b5\u03ba\u03b1\u03c4\u03bf\u03c3\u03c4\u03ce\u03bd \u03bc\u03b5 \u03ac\u03c1\u03b9\u03c3\u03c4\u03b7 \u03bf\u03b4\u03b7\u03b3\u03b9\u03ba\u03ae \u03c3\u03c5\u03bc\u03c0\u03b5\u03c1\u03b9\u03c6\u03bf\u03c1\u03ac \u03ba\u03b1\u03b9 \u03bc\u03ad\u03b3\u03b9\u03c3\u03c4\u03b7 \u03bf\u03b9\u03ba\u03bf\u03bd\u03bf\u03bc\u03af\u03b1 \u03ba\u03b1\u03c5\u03c3\u03af\u03bc\u03bf\u03c5 \u03ba\u03b1\u03b8\u03ce\u03c2 \u03ba\u03b1\u03b9 \u03c7\u03b5\u03b9\u03c1\u03bf\u03ba\u03af\u03bd\u03b7\u03c4\u03bf<span class=\"excerpt-hellip\"> [\u2026]<\/span><\/p>\n","protected":false},"featured_media":335,"template":"","meta":[],"product_brand":[],"product_cat":[33],"product_tag":[],"class_list":{"0":"post-338","1":"product","2":"type-product","3":"status-publish","4":"has-post-thumbnail","6":"product_cat-33","8":"first","9":"instock","10":"taxable","11":"shipping-taxable","12":"product-type-simple"},"aioseo_notices":[],"aioseo_head":"\n\t\t<!-- All in One SEO Pro 4.9.4.2 - aioseo.com -->\n\t<meta name=\"description\" content=\"Dacia Lodgy 1.5 Diesel (7 Seats). \u0398\u03cd\u03c1\u03b1 USB \u03ba\u03b1\u03b9 \u03bf\u03b8\u03cc\u03bd\u03b7 \u03c0\u03bf\u03bb\u03b1\u03c0\u03bb\u03ce\u03bd \u03c7\u03c1\u03ae\u03c3\u03b5\u03c9\u03bd. \u039c\u03b5\u03b3\u03ac\u03bb\u03bf\u03c2 \u03c7\u03ce\u03c1\u03bf\u03c2 \u03b1\u03c0\u03bf\u03c3\u03ba\u03b5\u03c5\u03ce\u03bd \u03bc\u03ad\u03c7\u03c1\u03b9 6 \u03b2\u03b1\u03bb\u03af\u03c4\u03c3\u03b5\u03c2. 7 \u03b5\u03c0\u03b9\u03b2\u03ac\u03c4\u03b5\u03c2. ABS\/ASP \u03ba\u03b1\u03b9 8 \u03b1\u03b5\u03c1\u03cc\u03c3\u03b1\u03ba\u03c9\u03bd.\" \/>\n\t<meta name=\"robots\" content=\"max-image-preview:large\" \/>\n\t<meta name=\"google-site-verification\" content=\"S6xm9OozgzUNlz1XGUsqKaiQUGsb8eKTPjRIqVmbJRU\" \/>\n\t<link rel=\"canonical\" href=\"https:\/\/rentacarigoumenitsa.gr\/de\/product\/dacia-lodgy-1-5-diesel-7-seats\/\" \/>\n\t<meta name=\"generator\" content=\"All in One SEO Pro (AIOSEO) 4.9.4.2\" \/>\n\t\t<meta property=\"og:locale\" content=\"de_DE\" \/>\n\t\t<meta property=\"og:site_name\" content=\"Rent A Car Igoumenitsa -\" \/>\n\t\t<meta property=\"og:type\" content=\"article\" \/>\n\t\t<meta property=\"og:title\" content=\"Dacia Lodgy 1.5 Diesel (7 Seats) - Rent A Car Igoumenitsa\" \/>\n\t\t<meta property=\"og:description\" content=\"Dacia Lodgy 1.5 Diesel (7 Seats). \u0398\u03cd\u03c1\u03b1 USB \u03ba\u03b1\u03b9 \u03bf\u03b8\u03cc\u03bd\u03b7 \u03c0\u03bf\u03bb\u03b1\u03c0\u03bb\u03ce\u03bd \u03c7\u03c1\u03ae\u03c3\u03b5\u03c9\u03bd. \u039c\u03b5\u03b3\u03ac\u03bb\u03bf\u03c2 \u03c7\u03ce\u03c1\u03bf\u03c2 \u03b1\u03c0\u03bf\u03c3\u03ba\u03b5\u03c5\u03ce\u03bd \u03bc\u03ad\u03c7\u03c1\u03b9 6 \u03b2\u03b1\u03bb\u03af\u03c4\u03c3\u03b5\u03c2. 7 \u03b5\u03c0\u03b9\u03b2\u03ac\u03c4\u03b5\u03c2. ABS\/ASP \u03ba\u03b1\u03b9 8 \u03b1\u03b5\u03c1\u03cc\u03c3\u03b1\u03ba\u03c9\u03bd.\" \/>\n\t\t<meta property=\"og:url\" content=\"https:\/\/rentacarigoumenitsa.gr\/de\/product\/dacia-lodgy-1-5-diesel-7-seats\/\" \/>\n\t\t<meta property=\"og:image\" content=\"https:\/\/rentacarigoumenitsa.gr\/wp-content\/uploads\/2024\/04\/Image__11_-removebg-preview.png\" \/>\n\t\t<meta property=\"og:image:secure_url\" content=\"https:\/\/rentacarigoumenitsa.gr\/wp-content\/uploads\/2024\/04\/Image__11_-removebg-preview.png\" \/>\n\t\t<meta property=\"og:image:width\" content=\"666\" \/>\n\t\t<meta property=\"og:image:height\" content=\"375\" \/>\n\t\t<meta property=\"article:published_time\" content=\"2024-04-03T16:31:18+00:00\" \/>\n\t\t<meta property=\"article:modified_time\" content=\"2024-04-03T16:33:40+00:00\" \/>\n\t\t<meta property=\"article:publisher\" content=\"https:\/\/www.facebook.com\/rentacarigoumenitsa\/\" \/>\n\t\t<meta name=\"twitter:card\" content=\"summary_large_image\" \/>\n\t\t<meta name=\"twitter:title\" content=\"Dacia Lodgy 1.5 Diesel (7 Seats) - Rent A Car Igoumenitsa\" \/>\n\t\t<meta name=\"twitter:description\" content=\"Dacia Lodgy 1.5 Diesel (7 Seats). \u0398\u03cd\u03c1\u03b1 USB \u03ba\u03b1\u03b9 \u03bf\u03b8\u03cc\u03bd\u03b7 \u03c0\u03bf\u03bb\u03b1\u03c0\u03bb\u03ce\u03bd \u03c7\u03c1\u03ae\u03c3\u03b5\u03c9\u03bd. \u039c\u03b5\u03b3\u03ac\u03bb\u03bf\u03c2 \u03c7\u03ce\u03c1\u03bf\u03c2 \u03b1\u03c0\u03bf\u03c3\u03ba\u03b5\u03c5\u03ce\u03bd \u03bc\u03ad\u03c7\u03c1\u03b9 6 \u03b2\u03b1\u03bb\u03af\u03c4\u03c3\u03b5\u03c2. 7 \u03b5\u03c0\u03b9\u03b2\u03ac\u03c4\u03b5\u03c2. ABS\/ASP \u03ba\u03b1\u03b9 8 \u03b1\u03b5\u03c1\u03cc\u03c3\u03b1\u03ba\u03c9\u03bd.\" \/>\n\t\t<meta name=\"twitter:image\" content=\"https:\/\/rentacarigoumenitsa.gr\/wp-content\/uploads\/2023\/12\/fb-cover.jpg\" \/>\n\t\t<script type=\"application\/ld+json\" class=\"aioseo-schema\">\n\t\t\t{\"@context\":\"https:\\\/\\\/schema.org\",\"@graph\":[{\"@type\":\"BreadcrumbList\",\"@id\":\"https:\\\/\\\/rentacarigoumenitsa.gr\\\/de\\\/product\\\/dacia-lodgy-1-5-diesel-7-seats\\\/#breadcrumblist\",\"itemListElement\":[{\"@type\":\"ListItem\",\"@id\":\"https:\\\/\\\/rentacarigoumenitsa.gr\\\/de#listItem\",\"position\":1,\"name\":\"Home\",\"item\":\"https:\\\/\\\/rentacarigoumenitsa.gr\\\/de\",\"nextItem\":{\"@type\":\"ListItem\",\"@id\":\"https:\\\/\\\/rentacarigoumenitsa.gr\\\/de\\\/shop\\\/#listItem\",\"name\":\"Online \\u039a\\u03c1\\u03b1\\u03c4\\u03ae\\u03c3\\u03b5\\u03b9\\u03c2\"}},{\"@type\":\"ListItem\",\"@id\":\"https:\\\/\\\/rentacarigoumenitsa.gr\\\/de\\\/shop\\\/#listItem\",\"position\":2,\"name\":\"Online \\u039a\\u03c1\\u03b1\\u03c4\\u03ae\\u03c3\\u03b5\\u03b9\\u03c2\",\"item\":\"https:\\\/\\\/rentacarigoumenitsa.gr\\\/de\\\/shop\\\/\",\"nextItem\":{\"@type\":\"ListItem\",\"@id\":\"https:\\\/\\\/rentacarigoumenitsa.gr\\\/de\\\/product-category\\\/%ce%b1%cf%85%cf%84%ce%bf%ce%ba%ce%af%ce%bd%ce%b7%cf%84%ce%b1\\\/#listItem\",\"name\":\"\\u0391\\u03c5\\u03c4\\u03bf\\u03ba\\u03af\\u03bd\\u03b7\\u03c4\\u03b1\"},\"previousItem\":{\"@type\":\"ListItem\",\"@id\":\"https:\\\/\\\/rentacarigoumenitsa.gr\\\/de#listItem\",\"name\":\"Home\"}},{\"@type\":\"ListItem\",\"@id\":\"https:\\\/\\\/rentacarigoumenitsa.gr\\\/de\\\/product-category\\\/%ce%b1%cf%85%cf%84%ce%bf%ce%ba%ce%af%ce%bd%ce%b7%cf%84%ce%b1\\\/#listItem\",\"position\":3,\"name\":\"\\u0391\\u03c5\\u03c4\\u03bf\\u03ba\\u03af\\u03bd\\u03b7\\u03c4\\u03b1\",\"item\":\"https:\\\/\\\/rentacarigoumenitsa.gr\\\/de\\\/product-category\\\/%ce%b1%cf%85%cf%84%ce%bf%ce%ba%ce%af%ce%bd%ce%b7%cf%84%ce%b1\\\/\",\"nextItem\":{\"@type\":\"ListItem\",\"@id\":\"https:\\\/\\\/rentacarigoumenitsa.gr\\\/de\\\/product\\\/dacia-lodgy-1-5-diesel-7-seats\\\/#listItem\",\"name\":\"Dacia Lodgy 1.5 Diesel (7 Seats)\"},\"previousItem\":{\"@type\":\"ListItem\",\"@id\":\"https:\\\/\\\/rentacarigoumenitsa.gr\\\/de\\\/shop\\\/#listItem\",\"name\":\"Online \\u039a\\u03c1\\u03b1\\u03c4\\u03ae\\u03c3\\u03b5\\u03b9\\u03c2\"}},{\"@type\":\"ListItem\",\"@id\":\"https:\\\/\\\/rentacarigoumenitsa.gr\\\/de\\\/product\\\/dacia-lodgy-1-5-diesel-7-seats\\\/#listItem\",\"position\":4,\"name\":\"Dacia Lodgy 1.5 Diesel (7 Seats)\",\"previousItem\":{\"@type\":\"ListItem\",\"@id\":\"https:\\\/\\\/rentacarigoumenitsa.gr\\\/de\\\/product-category\\\/%ce%b1%cf%85%cf%84%ce%bf%ce%ba%ce%af%ce%bd%ce%b7%cf%84%ce%b1\\\/#listItem\",\"name\":\"\\u0391\\u03c5\\u03c4\\u03bf\\u03ba\\u03af\\u03bd\\u03b7\\u03c4\\u03b1\"}}]},{\"@type\":\"Organization\",\"@id\":\"https:\\\/\\\/rentacarigoumenitsa.gr\\\/de\\\/#organization\",\"name\":\"Rent A Car Igoumenitsa\",\"url\":\"https:\\\/\\\/rentacarigoumenitsa.gr\\\/de\\\/\",\"email\":\"igourent@gmail.com\",\"telephone\":\"+302665027666\",\"logo\":{\"@type\":\"ImageObject\",\"url\":\"https:\\\/\\\/rentacarigoumenitsa.gr\\\/wp-content\\\/uploads\\\/2023\\\/11\\\/logo-mobile.png\",\"@id\":\"https:\\\/\\\/rentacarigoumenitsa.gr\\\/de\\\/product\\\/dacia-lodgy-1-5-diesel-7-seats\\\/#organizationLogo\",\"width\":250,\"height\":100},\"image\":{\"@id\":\"https:\\\/\\\/rentacarigoumenitsa.gr\\\/de\\\/product\\\/dacia-lodgy-1-5-diesel-7-seats\\\/#organizationLogo\"},\"sameAs\":[\"https:\\\/\\\/www.facebook.com\\\/rentacarigoumenitsa\\\/\",\"https:\\\/\\\/www.instagram.com\\\/rentcarigoumenitsa\\\/\",\"https:\\\/\\\/www.youtube.com\\\/@rentacarigoumenitsa\"],\"address\":{\"@id\":\"https:\\\/\\\/rentacarigoumenitsa.gr\\\/de\\\/#postaladdress\",\"@type\":\"PostalAddress\",\"streetAddress\":\"Agion Apostolon 39-41,\",\"postalCode\":\"46100\",\"addressLocality\":\"Igoumenitsa\",\"addressRegion\":\"Thesprotia\",\"addressCountry\":\"GR\"},\"vatID\":\"EL121704960\"},{\"@type\":\"Product\",\"@id\":\"https:\\\/\\\/rentacarigoumenitsa.gr\\\/de\\\/product\\\/dacia-lodgy-1-5-diesel-7-seats\\\/#wooCommerceProduct\",\"name\":\"Dacia Lodgy 1.5 Diesel (7 Seats)\",\"url\":\"https:\\\/\\\/rentacarigoumenitsa.gr\\\/de\\\/product\\\/dacia-lodgy-1-5-diesel-7-seats\\\/\",\"image\":{\"@type\":\"ImageObject\",\"url\":\"https:\\\/\\\/rentacarigoumenitsa.gr\\\/wp-content\\\/uploads\\\/2024\\\/04\\\/Image__11_-removebg-preview.png\",\"@id\":\"https:\\\/\\\/rentacarigoumenitsa.gr\\\/de\\\/product\\\/dacia-lodgy-1-5-diesel-7-seats\\\/#productImage\",\"width\":666,\"height\":375},\"offers\":{\"@type\":\"Offer\",\"url\":\"https:\\\/\\\/rentacarigoumenitsa.gr\\\/de\\\/product\\\/dacia-lodgy-1-5-diesel-7-seats\\\/#wooCommerceOffer\",\"price\":0,\"priceCurrency\":\"EUR\",\"category\":\"\\u0391\\u03c5\\u03c4\\u03bf\\u03ba\\u03af\\u03bd\\u03b7\\u03c4\\u03b1\",\"availability\":\"https:\\\/\\\/schema.org\\\/InStock\",\"priceSpecification\":{\"@type\":\"PriceSpecification\",\"price\":0,\"priceCurrency\":\"EUR\",\"valueAddedTaxIncluded\":\"true\"},\"seller\":{\"@type\":\"Organization\",\"@id\":\"https:\\\/\\\/rentacarigoumenitsa.gr\\\/de\\\/#organization\"}}},{\"@type\":\"WebPage\",\"@id\":\"https:\\\/\\\/rentacarigoumenitsa.gr\\\/de\\\/product\\\/dacia-lodgy-1-5-diesel-7-seats\\\/#webpage\",\"url\":\"https:\\\/\\\/rentacarigoumenitsa.gr\\\/de\\\/product\\\/dacia-lodgy-1-5-diesel-7-seats\\\/\",\"name\":\"Dacia Lodgy 1.5 Diesel (7 Seats) - Rent A Car Igoumenitsa\",\"description\":\"Dacia Lodgy 1.5 Diesel (7 Seats). \\u0398\\u03cd\\u03c1\\u03b1 USB \\u03ba\\u03b1\\u03b9 \\u03bf\\u03b8\\u03cc\\u03bd\\u03b7 \\u03c0\\u03bf\\u03bb\\u03b1\\u03c0\\u03bb\\u03ce\\u03bd \\u03c7\\u03c1\\u03ae\\u03c3\\u03b5\\u03c9\\u03bd. \\u039c\\u03b5\\u03b3\\u03ac\\u03bb\\u03bf\\u03c2 \\u03c7\\u03ce\\u03c1\\u03bf\\u03c2 \\u03b1\\u03c0\\u03bf\\u03c3\\u03ba\\u03b5\\u03c5\\u03ce\\u03bd \\u03bc\\u03ad\\u03c7\\u03c1\\u03b9 6 \\u03b2\\u03b1\\u03bb\\u03af\\u03c4\\u03c3\\u03b5\\u03c2. 7 \\u03b5\\u03c0\\u03b9\\u03b2\\u03ac\\u03c4\\u03b5\\u03c2. ABS\\\/ASP \\u03ba\\u03b1\\u03b9 8 \\u03b1\\u03b5\\u03c1\\u03cc\\u03c3\\u03b1\\u03ba\\u03c9\\u03bd.\",\"inLanguage\":\"de-DE\",\"isPartOf\":{\"@id\":\"https:\\\/\\\/rentacarigoumenitsa.gr\\\/de\\\/#website\"},\"breadcrumb\":{\"@id\":\"https:\\\/\\\/rentacarigoumenitsa.gr\\\/de\\\/product\\\/dacia-lodgy-1-5-diesel-7-seats\\\/#breadcrumblist\"},\"image\":{\"@type\":\"ImageObject\",\"url\":\"https:\\\/\\\/rentacarigoumenitsa.gr\\\/wp-content\\\/uploads\\\/2024\\\/04\\\/Image__11_-removebg-preview.png\",\"@id\":\"https:\\\/\\\/rentacarigoumenitsa.gr\\\/de\\\/product\\\/dacia-lodgy-1-5-diesel-7-seats\\\/#mainImage\",\"width\":666,\"height\":375},\"primaryImageOfPage\":{\"@id\":\"https:\\\/\\\/rentacarigoumenitsa.gr\\\/de\\\/product\\\/dacia-lodgy-1-5-diesel-7-seats\\\/#mainImage\"},\"datePublished\":\"2024-04-03T19:31:18+03:00\",\"dateModified\":\"2024-04-03T19:33:40+03:00\"},{\"@type\":\"WebSite\",\"@id\":\"https:\\\/\\\/rentacarigoumenitsa.gr\\\/de\\\/#website\",\"url\":\"https:\\\/\\\/rentacarigoumenitsa.gr\\\/de\\\/\",\"name\":\"Rent A Car Igoumenitsa\",\"alternateName\":\"\\u0395\\u03bd\\u03bf\\u03b9\\u03ba\\u03af\\u03b1\\u03c3\\u03b7 \\u03b1\\u03c5\\u03c4\\u03bf\\u03ba\\u03b9\\u03bd\\u03ae\\u03c4\\u03bf\\u03c5 \\u0397\\u03b3\\u03bf\\u03c5\\u03bc\\u03b5\\u03bd\\u03af\\u03c4\\u03c3\\u03b1\",\"inLanguage\":\"de-DE\",\"publisher\":{\"@id\":\"https:\\\/\\\/rentacarigoumenitsa.gr\\\/de\\\/#organization\"}}]}\n\t\t<\/script>\n\t\t<!-- All in One SEO Pro -->\r\n\t\t<title>Dacia Lodgy 1.5 Diesel (7 Seats) - Rent A Car Igoumenitsa<\/title>\n\n","aioseo_head_json":{"title":"Dacia Lodgy 1.5 Diesel (7 Sitze) - Autovermietung Igoumenitsa","description":"Dacia Lodgy 1.5 Diesel (7 Sitze). USB-Anschluss und Multifunktionsbildschirm. Gro\u00dfer Gep\u00e4ckraum f\u00fcr bis zu 6 Koffer. 7 Passagiere. ABS\/ASP und 8 Airbags.","canonical_url":"https:\/\/rentacarigoumenitsa.gr\/de\/product\/dacia-lodgy-1-5-diesel-7-seats\/","robots":"max-image-preview:large","keywords":"","webmasterTools":{"google-site-verification":"S6xm9OozgzUNlz1XGUsqKaiQUGsb8eKTPjRIqVmbJRU","miscellaneous":""},"schema":{"@context":"https:\/\/schema.org","@graph":[{"@type":"BreadcrumbList","@id":"https:\/\/rentacarigoumenitsa.gr\/de\/product\/dacia-lodgy-1-5-diesel-7-seats\/#breadcrumblist","itemListElement":[{"@type":"ListItem","@id":"https:\/\/rentacarigoumenitsa.gr\/de#listItem","position":1,"name":"Home","item":"https:\/\/rentacarigoumenitsa.gr\/de","nextItem":{"@type":"ListItem","@id":"https:\/\/rentacarigoumenitsa.gr\/de\/shop\/#listItem","name":"Online \u039a\u03c1\u03b1\u03c4\u03ae\u03c3\u03b5\u03b9\u03c2"}},{"@type":"ListItem","@id":"https:\/\/rentacarigoumenitsa.gr\/de\/shop\/#listItem","position":2,"name":"Online \u039a\u03c1\u03b1\u03c4\u03ae\u03c3\u03b5\u03b9\u03c2","item":"https:\/\/rentacarigoumenitsa.gr\/de\/shop\/","nextItem":{"@type":"ListItem","@id":"https:\/\/rentacarigoumenitsa.gr\/de\/product-category\/%ce%b1%cf%85%cf%84%ce%bf%ce%ba%ce%af%ce%bd%ce%b7%cf%84%ce%b1\/#listItem","name":"\u0391\u03c5\u03c4\u03bf\u03ba\u03af\u03bd\u03b7\u03c4\u03b1"},"previousItem":{"@type":"ListItem","@id":"https:\/\/rentacarigoumenitsa.gr\/de#listItem","name":"Home"}},{"@type":"ListItem","@id":"https:\/\/rentacarigoumenitsa.gr\/de\/product-category\/%ce%b1%cf%85%cf%84%ce%bf%ce%ba%ce%af%ce%bd%ce%b7%cf%84%ce%b1\/#listItem","position":3,"name":"\u0391\u03c5\u03c4\u03bf\u03ba\u03af\u03bd\u03b7\u03c4\u03b1","item":"https:\/\/rentacarigoumenitsa.gr\/de\/product-category\/%ce%b1%cf%85%cf%84%ce%bf%ce%ba%ce%af%ce%bd%ce%b7%cf%84%ce%b1\/","nextItem":{"@type":"ListItem","@id":"https:\/\/rentacarigoumenitsa.gr\/de\/product\/dacia-lodgy-1-5-diesel-7-seats\/#listItem","name":"Dacia Lodgy 1.5 Diesel (7 Seats)"},"previousItem":{"@type":"ListItem","@id":"https:\/\/rentacarigoumenitsa.gr\/de\/shop\/#listItem","name":"Online \u039a\u03c1\u03b1\u03c4\u03ae\u03c3\u03b5\u03b9\u03c2"}},{"@type":"ListItem","@id":"https:\/\/rentacarigoumenitsa.gr\/de\/product\/dacia-lodgy-1-5-diesel-7-seats\/#listItem","position":4,"name":"Dacia Lodgy 1.5 Diesel (7 Seats)","previousItem":{"@type":"ListItem","@id":"https:\/\/rentacarigoumenitsa.gr\/de\/product-category\/%ce%b1%cf%85%cf%84%ce%bf%ce%ba%ce%af%ce%bd%ce%b7%cf%84%ce%b1\/#listItem","name":"\u0391\u03c5\u03c4\u03bf\u03ba\u03af\u03bd\u03b7\u03c4\u03b1"}}]},{"@type":"Organization","@id":"https:\/\/rentacarigoumenitsa.gr\/de\/#organization","name":"Rent A Car Igoumenitsa","url":"https:\/\/rentacarigoumenitsa.gr\/de\/","email":"igourent@gmail.com","telephone":"+302665027666","logo":{"@type":"ImageObject","url":"https:\/\/rentacarigoumenitsa.gr\/wp-content\/uploads\/2023\/11\/logo-mobile.png","@id":"https:\/\/rentacarigoumenitsa.gr\/de\/product\/dacia-lodgy-1-5-diesel-7-seats\/#organizationLogo","width":250,"height":100},"image":{"@id":"https:\/\/rentacarigoumenitsa.gr\/de\/product\/dacia-lodgy-1-5-diesel-7-seats\/#organizationLogo"},"sameAs":["https:\/\/www.facebook.com\/rentacarigoumenitsa\/","https:\/\/www.instagram.com\/rentcarigoumenitsa\/","https:\/\/www.youtube.com\/@rentacarigoumenitsa"],"address":{"@id":"https:\/\/rentacarigoumenitsa.gr\/de\/#postaladdress","@type":"PostalAddress","streetAddress":"Agion Apostolon 39-41,","postalCode":"46100","addressLocality":"Igoumenitsa","addressRegion":"Thesprotia","addressCountry":"GR"},"vatID":"EL121704960"},{"@type":"Product","@id":"https:\/\/rentacarigoumenitsa.gr\/de\/product\/dacia-lodgy-1-5-diesel-7-seats\/#wooCommerceProduct","name":"Dacia Lodgy 1.5 Diesel (7 Seats)","url":"https:\/\/rentacarigoumenitsa.gr\/de\/product\/dacia-lodgy-1-5-diesel-7-seats\/","image":{"@type":"ImageObject","url":"https:\/\/rentacarigoumenitsa.gr\/wp-content\/uploads\/2024\/04\/Image__11_-removebg-preview.png","@id":"https:\/\/rentacarigoumenitsa.gr\/de\/product\/dacia-lodgy-1-5-diesel-7-seats\/#productImage","width":666,"height":375},"offers":{"@type":"Offer","url":"https:\/\/rentacarigoumenitsa.gr\/de\/product\/dacia-lodgy-1-5-diesel-7-seats\/#wooCommerceOffer","price":0,"priceCurrency":"EUR","category":"\u0391\u03c5\u03c4\u03bf\u03ba\u03af\u03bd\u03b7\u03c4\u03b1","availability":"https:\/\/schema.org\/InStock","priceSpecification":{"@type":"PriceSpecification","price":0,"priceCurrency":"EUR","valueAddedTaxIncluded":"true"},"seller":{"@type":"Organization","@id":"https:\/\/rentacarigoumenitsa.gr\/de\/#organization"}}},{"@type":"WebPage","@id":"https:\/\/rentacarigoumenitsa.gr\/de\/product\/dacia-lodgy-1-5-diesel-7-seats\/#webpage","url":"https:\/\/rentacarigoumenitsa.gr\/de\/product\/dacia-lodgy-1-5-diesel-7-seats\/","name":"Dacia Lodgy 1.5 Diesel (7 Seats) - Rent A Car Igoumenitsa","description":"Dacia Lodgy 1.5 Diesel (7 Seats). \u0398\u03cd\u03c1\u03b1 USB \u03ba\u03b1\u03b9 \u03bf\u03b8\u03cc\u03bd\u03b7 \u03c0\u03bf\u03bb\u03b1\u03c0\u03bb\u03ce\u03bd \u03c7\u03c1\u03ae\u03c3\u03b5\u03c9\u03bd. \u039c\u03b5\u03b3\u03ac\u03bb\u03bf\u03c2 \u03c7\u03ce\u03c1\u03bf\u03c2 \u03b1\u03c0\u03bf\u03c3\u03ba\u03b5\u03c5\u03ce\u03bd \u03bc\u03ad\u03c7\u03c1\u03b9 6 \u03b2\u03b1\u03bb\u03af\u03c4\u03c3\u03b5\u03c2. 7 \u03b5\u03c0\u03b9\u03b2\u03ac\u03c4\u03b5\u03c2. ABS\/ASP \u03ba\u03b1\u03b9 8 \u03b1\u03b5\u03c1\u03cc\u03c3\u03b1\u03ba\u03c9\u03bd.","inLanguage":"de-DE","isPartOf":{"@id":"https:\/\/rentacarigoumenitsa.gr\/de\/#website"},"breadcrumb":{"@id":"https:\/\/rentacarigoumenitsa.gr\/de\/product\/dacia-lodgy-1-5-diesel-7-seats\/#breadcrumblist"},"image":{"@type":"ImageObject","url":"https:\/\/rentacarigoumenitsa.gr\/wp-content\/uploads\/2024\/04\/Image__11_-removebg-preview.png","@id":"https:\/\/rentacarigoumenitsa.gr\/de\/product\/dacia-lodgy-1-5-diesel-7-seats\/#mainImage","width":666,"height":375},"primaryImageOfPage":{"@id":"https:\/\/rentacarigoumenitsa.gr\/de\/product\/dacia-lodgy-1-5-diesel-7-seats\/#mainImage"},"datePublished":"2024-04-03T19:31:18+03:00","dateModified":"2024-04-03T19:33:40+03:00"},{"@type":"WebSite","@id":"https:\/\/rentacarigoumenitsa.gr\/de\/#website","url":"https:\/\/rentacarigoumenitsa.gr\/de\/","name":"Rent A Car Igoumenitsa","alternateName":"\u0395\u03bd\u03bf\u03b9\u03ba\u03af\u03b1\u03c3\u03b7 \u03b1\u03c5\u03c4\u03bf\u03ba\u03b9\u03bd\u03ae\u03c4\u03bf\u03c5 \u0397\u03b3\u03bf\u03c5\u03bc\u03b5\u03bd\u03af\u03c4\u03c3\u03b1","inLanguage":"de-DE","publisher":{"@id":"https:\/\/rentacarigoumenitsa.gr\/de\/#organization"}}]},"og:locale":"de_DE","og:site_name":"Rent A Car Igoumenitsa -","og:type":"article","og:title":"Dacia Lodgy 1.5 Diesel (7 Seats) - Rent A Car Igoumenitsa","og:description":"Dacia Lodgy 1.5 Diesel (7 Seats). \u0398\u03cd\u03c1\u03b1 USB \u03ba\u03b1\u03b9 \u03bf\u03b8\u03cc\u03bd\u03b7 \u03c0\u03bf\u03bb\u03b1\u03c0\u03bb\u03ce\u03bd \u03c7\u03c1\u03ae\u03c3\u03b5\u03c9\u03bd. \u039c\u03b5\u03b3\u03ac\u03bb\u03bf\u03c2 \u03c7\u03ce\u03c1\u03bf\u03c2 \u03b1\u03c0\u03bf\u03c3\u03ba\u03b5\u03c5\u03ce\u03bd \u03bc\u03ad\u03c7\u03c1\u03b9 6 \u03b2\u03b1\u03bb\u03af\u03c4\u03c3\u03b5\u03c2. 7 \u03b5\u03c0\u03b9\u03b2\u03ac\u03c4\u03b5\u03c2. ABS\/ASP \u03ba\u03b1\u03b9 8 \u03b1\u03b5\u03c1\u03cc\u03c3\u03b1\u03ba\u03c9\u03bd.","og:url":"https:\/\/rentacarigoumenitsa.gr\/de\/product\/dacia-lodgy-1-5-diesel-7-seats\/","og:image":"https:\/\/rentacarigoumenitsa.gr\/wp-content\/uploads\/2024\/04\/Image__11_-removebg-preview.png","og:image:secure_url":"https:\/\/rentacarigoumenitsa.gr\/wp-content\/uploads\/2024\/04\/Image__11_-removebg-preview.png","og:image:width":666,"og:image:height":375,"article:published_time":"2024-04-03T16:31:18+00:00","article:modified_time":"2024-04-03T16:33:40+00:00","article:publisher":"https:\/\/www.facebook.com\/rentacarigoumenitsa\/","twitter:card":"summary_large_image","twitter:title":"Dacia Lodgy 1.5 Diesel (7 Seats) - Rent A Car Igoumenitsa","twitter:description":"Dacia Lodgy 1.5 Diesel (7 Seats). \u0398\u03cd\u03c1\u03b1 USB \u03ba\u03b1\u03b9 \u03bf\u03b8\u03cc\u03bd\u03b7 \u03c0\u03bf\u03bb\u03b1\u03c0\u03bb\u03ce\u03bd \u03c7\u03c1\u03ae\u03c3\u03b5\u03c9\u03bd. \u039c\u03b5\u03b3\u03ac\u03bb\u03bf\u03c2 \u03c7\u03ce\u03c1\u03bf\u03c2 \u03b1\u03c0\u03bf\u03c3\u03ba\u03b5\u03c5\u03ce\u03bd \u03bc\u03ad\u03c7\u03c1\u03b9 6 \u03b2\u03b1\u03bb\u03af\u03c4\u03c3\u03b5\u03c2. 7 \u03b5\u03c0\u03b9\u03b2\u03ac\u03c4\u03b5\u03c2. ABS\/ASP \u03ba\u03b1\u03b9 8 \u03b1\u03b5\u03c1\u03cc\u03c3\u03b1\u03ba\u03c9\u03bd.","twitter:image":"https:\/\/rentacarigoumenitsa.gr\/wp-content\/uploads\/2023\/12\/fb-cover.jpg"},"aioseo_meta_data":{"post_id":"338","title":null,"description":"Dacia Lodgy 1.5 Diesel (7 Sitze). USB-Anschluss und Multifunktionsbildschirm. Gro\u00dfer Gep\u00e4ckraum f\u00fcr bis zu 6 Koffer. 7 Passagiere. ABS\/ASP und 8 Airbags.","keywords":[],"keyphrases":{"focus":{"keyphrase":"Dacia Lodgy 1.5 Diesel (7 Seats) ","score":64,"analysis":{"keyphraseInTitle":{"score":9,"maxScore":9,"error":0},"keyphraseInDescription":{"score":9,"maxScore":9,"error":0},"keyphraseLength":{"score":6,"maxScore":9,"error":1,"length":6},"keyphraseInURL":{"score":5,"maxScore":5,"error":0},"keyphraseInIntroduction":{"score":3,"maxScore":9,"error":1},"keyphraseInSubHeadings":[],"keyphraseInImageAlt":[],"keywordDensity":{"score":0,"type":"low","maxScore":9,"error":1}}},"additional":[]},"primary_term":null,"canonical_url":null,"og_title":null,"og_description":null,"og_object_type":"default","og_image_type":"default","og_image_url":null,"og_image_width":null,"og_image_height":null,"og_image_custom_url":null,"og_image_custom_fields":null,"og_video":"","og_custom_url":null,"og_article_section":null,"og_article_tags":[],"twitter_use_og":false,"twitter_card":"default","twitter_image_type":"default","twitter_image_url":null,"twitter_image_custom_url":null,"twitter_image_custom_fields":null,"twitter_title":null,"twitter_description":null,"schema":{"blockGraphs":[],"customGraphs":[],"default":{"data":{"Article":[],"Course":[],"Dataset":[],"FAQPage":[],"Movie":[],"Person":[],"Product":[],"ProductReview":[],"Car":[],"Recipe":[],"Service":[],"SoftwareApplication":[],"WebPage":[]},"graphName":"Product","isEnabled":true},"graphs":[]},"schema_type":"default","schema_type_options":null,"pillar_content":false,"robots_default":true,"robots_noindex":false,"robots_noarchive":false,"robots_nosnippet":false,"robots_nofollow":false,"robots_noimageindex":false,"robots_noodp":false,"robots_notranslate":false,"robots_max_snippet":"-1","robots_max_videopreview":"-1","robots_max_imagepreview":"large","priority":null,"frequency":"default","local_seo":null,"seo_analyzer_scan_date":"2025-10-17 18:28:39","breadcrumb_settings":null,"limit_modified_date":false,"open_ai":"{\"title\":{\"suggestions\":[],\"usage\":0},\"description\":{\"suggestions\":[],\"usage\":0}}","ai":null,"created":"2024-04-03 16:31:20","updated":"2025-12-03 13:22:12"},"aioseo_breadcrumb":"<div class=\"aioseo-breadcrumbs\"><span class=\"aioseo-breadcrumb\">\n\t<a href=\"https:\/\/rentacarigoumenitsa.gr\/de\" title=\"Home\">Home<\/a>\n<\/span><span class=\"aioseo-breadcrumb-separator\">&raquo;<\/span><span class=\"aioseo-breadcrumb\">\n\t<a href=\"https:\/\/rentacarigoumenitsa.gr\/de\/shop\/\" title=\"Online \u039a\u03c1\u03b1\u03c4\u03ae\u03c3\u03b5\u03b9\u03c2\">Online \u039a\u03c1\u03b1\u03c4\u03ae\u03c3\u03b5\u03b9\u03c2<\/a>\n<\/span><span class=\"aioseo-breadcrumb-separator\">&raquo;<\/span><span class=\"aioseo-breadcrumb\">\n\t<a href=\"https:\/\/rentacarigoumenitsa.gr\/de\/product-category\/%ce%b1%cf%85%cf%84%ce%bf%ce%ba%ce%af%ce%bd%ce%b7%cf%84%ce%b1\/\" title=\"\u0391\u03c5\u03c4\u03bf\u03ba\u03af\u03bd\u03b7\u03c4\u03b1\">\u0391\u03c5\u03c4\u03bf\u03ba\u03af\u03bd\u03b7\u03c4\u03b1<\/a>\n<\/span><span class=\"aioseo-breadcrumb-separator\">&raquo;<\/span><span class=\"aioseo-breadcrumb\">\n\tDacia Lodgy 1.5 Diesel (7 Seats)\n<\/span><\/div>","aioseo_breadcrumb_json":[{"label":"Home","link":"https:\/\/rentacarigoumenitsa.gr\/de"},{"label":"Online \u039a\u03c1\u03b1\u03c4\u03ae\u03c3\u03b5\u03b9\u03c2","link":"https:\/\/rentacarigoumenitsa.gr\/de\/shop\/"},{"label":"\u0391\u03c5\u03c4\u03bf\u03ba\u03af\u03bd\u03b7\u03c4\u03b1","link":"https:\/\/rentacarigoumenitsa.gr\/de\/product-category\/%ce%b1%cf%85%cf%84%ce%bf%ce%ba%ce%af%ce%bd%ce%b7%cf%84%ce%b1\/"},{"label":"Dacia Lodgy 1.5 Diesel (7 Seats)","link":"https:\/\/rentacarigoumenitsa.gr\/de\/product\/dacia-lodgy-1-5-diesel-7-seats\/"}],"_links":{"self":[{"href":"https:\/\/rentacarigoumenitsa.gr\/de\/wp-json\/wp\/v2\/product\/338","targetHints":{"allow":["GET"]}}],"collection":[{"href":"https:\/\/rentacarigoumenitsa.gr\/de\/wp-json\/wp\/v2\/product"}],"about":[{"href":"https:\/\/rentacarigoumenitsa.gr\/de\/wp-json\/wp\/v2\/types\/product"}],"wp:featuredmedia":[{"embeddable":true,"href":"https:\/\/rentacarigoumenitsa.gr\/de\/wp-json\/wp\/v2\/media\/335"}],"wp:attachment":[{"href":"https:\/\/rentacarigoumenitsa.gr\/de\/wp-json\/wp\/v2\/media?parent=338"}],"wp:term":[{"taxonomy":"product_brand","embeddable":true,"href":"https:\/\/rentacarigoumenitsa.gr\/de\/wp-json\/wp\/v2\/product_brand?post=338"},{"taxonomy":"product_cat","embeddable":true,"href":"https:\/\/rentacarigoumenitsa.gr\/de\/wp-json\/wp\/v2\/product_cat?post=338"},{"taxonomy":"product_tag","embeddable":true,"href":"https:\/\/rentacarigoumenitsa.gr\/de\/wp-json\/wp\/v2\/product_tag?post=338"}],"curies":[{"name":"wp","href":"https:\/\/api.w.org\/{rel}","templated":true}]}}